{"id":45730,"date":"2024-11-14T13:47:56","date_gmt":"2024-11-14T13:47:56","guid":{"rendered":"https:\/\/sweetkitsecrets.com\/product\/gold-kitty-serum\/"},"modified":"2024-11-19T00:24:11","modified_gmt":"2024-11-19T00:24:11","slug":"gold-kitty-serum","status":"publish","type":"product","link":"https:\/\/sweetkitsecrets.com\/en\/product\/gold-kitty-serum\/","title":{"rendered":"GOLD KITTY S\u00c9RUM"},"content":{"rendered":"","protected":false},"excerpt":{"rendered":"<p>Notre s\u00e9rum est un soin intime complet qui sert \u00e9galement \u00e0 \u00e9claircir efficacement les zones intimes . Il est \u00e9galement anti bact\u00e9rien , anti inflammatoire , il hydrate , il apaise , il \u00e9limine les odeurs , et aide \u00e0 gu\u00e9rir les probl\u00e8mes d&#8217;irritations .<\/p>","protected":false},"featured_media":45739,"comment_status":"open","ping_status":"closed","template":"","meta":[],"product_brand":[],"product_cat":[176,140],"product_tag":[],"class_list":{"0":"post-45730","1":"product","2":"type-product","3":"status-publish","4":"has-post-thumbnail","6":"product_cat-gold-kitty","7":"product_cat-huiles","10":"first","11":"instock","12":"shipping-taxable","13":"purchasable","14":"product-type-simple"},"jetpack_sharing_enabled":true,"_links":{"self":[{"href":"https:\/\/sweetkitsecrets.com\/en\/wp-json\/wp\/v2\/product\/45730","targetHints":{"allow":["GET"]}}],"collection":[{"href":"https:\/\/sweetkitsecrets.com\/en\/wp-json\/wp\/v2\/product"}],"about":[{"href":"https:\/\/sweetkitsecrets.com\/en\/wp-json\/wp\/v2\/types\/product"}],"replies":[{"embeddable":true,"href":"https:\/\/sweetkitsecrets.com\/en\/wp-json\/wp\/v2\/comments?post=45730"}],"wp:featuredmedia":[{"embeddable":true,"href":"https:\/\/sweetkitsecrets.com\/en\/wp-json\/wp\/v2\/media\/45739"}],"wp:attachment":[{"href":"https:\/\/sweetkitsecrets.com\/en\/wp-json\/wp\/v2\/media?parent=45730"}],"wp:term":[{"taxonomy":"product_brand","embeddable":true,"href":"https:\/\/sweetkitsecrets.com\/en\/wp-json\/wp\/v2\/product_brand?post=45730"},{"taxonomy":"product_cat","embeddable":true,"href":"https:\/\/sweetkitsecrets.com\/en\/wp-json\/wp\/v2\/product_cat?post=45730"},{"taxonomy":"product_tag","embeddable":true,"href":"https:\/\/sweetkitsecrets.com\/en\/wp-json\/wp\/v2\/product_tag?post=45730"}],"curies":[{"name":"wp","href":"https:\/\/api.w.org\/{rel}","templated":true}]}}