{"id":45728,"date":"2024-11-14T13:44:46","date_gmt":"2024-11-14T13:44:46","guid":{"rendered":"https:\/\/sweetkitsecrets.com\/product\/gold-kitty-mask\/"},"modified":"2025-03-22T18:59:08","modified_gmt":"2025-03-22T18:59:08","slug":"gold-kitty-mask","status":"publish","type":"product","link":"https:\/\/sweetkitsecrets.com\/en\/product\/gold-kitty-mask\/","title":{"rendered":"GOLD KITTY MASK"},"content":{"rendered":"","protected":false},"excerpt":{"rendered":"<p>Notre masque intime a un effet \u00e9claircissant , hydratant , raffermissant , nourrissant et nettoyant . C&#8217;est une formule compl\u00e8te et efficace pour \u00e9claircir tes zones intimes trop fonc\u00e9es , et sert en m\u00eame temps de soin !<\/p>","protected":false},"featured_media":45727,"comment_status":"open","ping_status":"closed","template":"","meta":[],"product_brand":[],"product_cat":[176,144],"product_tag":[],"class_list":{"0":"post-45728","1":"product","2":"type-product","3":"status-publish","4":"has-post-thumbnail","6":"product_cat-gold-kitty","7":"product_cat-masques","10":"first","11":"instock","12":"shipping-taxable","13":"purchasable","14":"product-type-simple"},"jetpack_sharing_enabled":true,"_links":{"self":[{"href":"https:\/\/sweetkitsecrets.com\/en\/wp-json\/wp\/v2\/product\/45728","targetHints":{"allow":["GET"]}}],"collection":[{"href":"https:\/\/sweetkitsecrets.com\/en\/wp-json\/wp\/v2\/product"}],"about":[{"href":"https:\/\/sweetkitsecrets.com\/en\/wp-json\/wp\/v2\/types\/product"}],"replies":[{"embeddable":true,"href":"https:\/\/sweetkitsecrets.com\/en\/wp-json\/wp\/v2\/comments?post=45728"}],"wp:featuredmedia":[{"embeddable":true,"href":"https:\/\/sweetkitsecrets.com\/en\/wp-json\/wp\/v2\/media\/45727"}],"wp:attachment":[{"href":"https:\/\/sweetkitsecrets.com\/en\/wp-json\/wp\/v2\/media?parent=45728"}],"wp:term":[{"taxonomy":"product_brand","embeddable":true,"href":"https:\/\/sweetkitsecrets.com\/en\/wp-json\/wp\/v2\/product_brand?post=45728"},{"taxonomy":"product_cat","embeddable":true,"href":"https:\/\/sweetkitsecrets.com\/en\/wp-json\/wp\/v2\/product_cat?post=45728"},{"taxonomy":"product_tag","embeddable":true,"href":"https:\/\/sweetkitsecrets.com\/en\/wp-json\/wp\/v2\/product_tag?post=45728"}],"curies":[{"name":"wp","href":"https:\/\/api.w.org\/{rel}","templated":true}]}}