{"id":45726,"date":"2024-11-14T13:40:10","date_gmt":"2024-11-14T13:40:10","guid":{"rendered":"https:\/\/sweetkitsecrets.com\/product\/gold-kitty-soap\/"},"modified":"2024-11-14T13:40:12","modified_gmt":"2024-11-14T13:40:12","slug":"gold-kitty-soap","status":"publish","type":"product","link":"https:\/\/sweetkitsecrets.com\/en\/product\/gold-kitty-soap\/","title":{"rendered":"GOLD KITTY SOAP"},"content":{"rendered":"","protected":false},"excerpt":{"rendered":"<p>Notre savon intime est sp\u00e9cial , il va \u00e9claircir et unifier le teint de ta mimine tout en respectant ton PH intime . Il enl\u00e8ve \u00e9galement les taches , \u00e9limine les peaux mortes , adoucit et illumine la peau en lui donnant un \u00e9clat naturel et GLOWY .<\/p>","protected":false},"featured_media":45725,"comment_status":"open","ping_status":"closed","template":"","meta":[],"product_brand":[],"product_cat":[176,138,166],"product_tag":[],"class_list":{"0":"post-45726","1":"product","2":"type-product","3":"status-publish","4":"has-post-thumbnail","6":"product_cat-gold-kitty","7":"product_cat-savon","8":"product_cat-toilette-intime","11":"first","12":"instock","13":"shipping-taxable","14":"purchasable","15":"product-type-simple"},"jetpack_sharing_enabled":true,"_links":{"self":[{"href":"https:\/\/sweetkitsecrets.com\/en\/wp-json\/wp\/v2\/product\/45726","targetHints":{"allow":["GET"]}}],"collection":[{"href":"https:\/\/sweetkitsecrets.com\/en\/wp-json\/wp\/v2\/product"}],"about":[{"href":"https:\/\/sweetkitsecrets.com\/en\/wp-json\/wp\/v2\/types\/product"}],"replies":[{"embeddable":true,"href":"https:\/\/sweetkitsecrets.com\/en\/wp-json\/wp\/v2\/comments?post=45726"}],"wp:featuredmedia":[{"embeddable":true,"href":"https:\/\/sweetkitsecrets.com\/en\/wp-json\/wp\/v2\/media\/45725"}],"wp:attachment":[{"href":"https:\/\/sweetkitsecrets.com\/en\/wp-json\/wp\/v2\/media?parent=45726"}],"wp:term":[{"taxonomy":"product_brand","embeddable":true,"href":"https:\/\/sweetkitsecrets.com\/en\/wp-json\/wp\/v2\/product_brand?post=45726"},{"taxonomy":"product_cat","embeddable":true,"href":"https:\/\/sweetkitsecrets.com\/en\/wp-json\/wp\/v2\/product_cat?post=45726"},{"taxonomy":"product_tag","embeddable":true,"href":"https:\/\/sweetkitsecrets.com\/en\/wp-json\/wp\/v2\/product_tag?post=45726"}],"curies":[{"name":"wp","href":"https:\/\/api.w.org\/{rel}","templated":true}]}}