{"id":45722,"date":"2024-11-14T13:06:23","date_gmt":"2024-11-14T13:06:23","guid":{"rendered":"https:\/\/sweetkitsecrets.com\/product\/gold-kitty-deo\/"},"modified":"2024-11-14T13:06:25","modified_gmt":"2024-11-14T13:06:25","slug":"gold-kitty-deo","status":"publish","type":"product","link":"https:\/\/sweetkitsecrets.com\/en\/product\/gold-kitty-deo\/","title":{"rendered":"GOLD Kitty deo"},"content":{"rendered":"","protected":false},"excerpt":{"rendered":"<p>Notre deo intime GOLD est un triple action : \u00e9claircit le teint de parties intimes  sp\u00e9cifiques ( aisselles , coudes , entre jambes , dos ) &#8211; \u00e9limine les taches &#8211; prot\u00e8ge contre la transpiration &#8230; qui dit mieux ? Avec \u00e7a , adieu les complexes les baddies !<\/p>","protected":false},"featured_media":45720,"comment_status":"open","ping_status":"closed","template":"","meta":[],"product_brand":[],"product_cat":[141,176],"product_tag":[],"class_list":{"0":"post-45722","1":"product","2":"type-product","3":"status-publish","4":"has-post-thumbnail","6":"product_cat-deo-intime","7":"product_cat-gold-kitty","10":"first","11":"instock","12":"shipping-taxable","13":"purchasable","14":"product-type-simple"},"jetpack_sharing_enabled":true,"_links":{"self":[{"href":"https:\/\/sweetkitsecrets.com\/en\/wp-json\/wp\/v2\/product\/45722","targetHints":{"allow":["GET"]}}],"collection":[{"href":"https:\/\/sweetkitsecrets.com\/en\/wp-json\/wp\/v2\/product"}],"about":[{"href":"https:\/\/sweetkitsecrets.com\/en\/wp-json\/wp\/v2\/types\/product"}],"replies":[{"embeddable":true,"href":"https:\/\/sweetkitsecrets.com\/en\/wp-json\/wp\/v2\/comments?post=45722"}],"wp:featuredmedia":[{"embeddable":true,"href":"https:\/\/sweetkitsecrets.com\/en\/wp-json\/wp\/v2\/media\/45720"}],"wp:attachment":[{"href":"https:\/\/sweetkitsecrets.com\/en\/wp-json\/wp\/v2\/media?parent=45722"}],"wp:term":[{"taxonomy":"product_brand","embeddable":true,"href":"https:\/\/sweetkitsecrets.com\/en\/wp-json\/wp\/v2\/product_brand?post=45722"},{"taxonomy":"product_cat","embeddable":true,"href":"https:\/\/sweetkitsecrets.com\/en\/wp-json\/wp\/v2\/product_cat?post=45722"},{"taxonomy":"product_tag","embeddable":true,"href":"https:\/\/sweetkitsecrets.com\/en\/wp-json\/wp\/v2\/product_tag?post=45722"}],"curies":[{"name":"wp","href":"https:\/\/api.w.org\/{rel}","templated":true}]}}