{"id":45315,"date":"2024-07-19T14:56:44","date_gmt":"2024-07-19T14:56:44","guid":{"rendered":"https:\/\/sweetkitsecrets.com\/product\/kitty-balm\/"},"modified":"2024-11-29T18:04:20","modified_gmt":"2024-11-29T18:04:20","slug":"kitty-balm","status":"publish","type":"product","link":"https:\/\/sweetkitsecrets.com\/en\/product\/kitty-balm\/","title":{"rendered":"Kitty balm"},"content":{"rendered":"<p>Baume 100% naturel pour votre mimine !<\/p>\n<p>\u00c9limine les mauvaises odeurs , hydrate, apaise , parfume , inhibe les bact\u00e9ries , pr\u00e9vient contre les infections , lisse la peau de votre kitty et l&#8217;adoucit !<\/p>\n<p>Parfum fraise .<\/p>","protected":false},"excerpt":{"rendered":"<p>Baume 100% naturel pour votre mimine !<\/p>\n<p>\u00c9limine les mauvaises odeurs , hydrate, apaise , parfume , inhibe les bact\u00e9ries , pr\u00e9vient contre les infections , lisse la peau de votre kitty et l&#8217;adoucit !<\/p>\n<p>Parfum fraise .<\/p>","protected":false},"featured_media":45316,"comment_status":"open","ping_status":"closed","template":"","meta":[],"product_brand":[],"product_cat":[169,51],"product_tag":[],"class_list":{"0":"post-45315","1":"product","2":"type-product","3":"status-publish","4":"has-post-thumbnail","6":"product_cat-creme-soin-intime","7":"product_cat-entretien-kitty-care-routine","10":"first","11":"outofstock","12":"shipping-taxable","13":"purchasable","14":"product-type-simple"},"jetpack_sharing_enabled":true,"_links":{"self":[{"href":"https:\/\/sweetkitsecrets.com\/en\/wp-json\/wp\/v2\/product\/45315","targetHints":{"allow":["GET"]}}],"collection":[{"href":"https:\/\/sweetkitsecrets.com\/en\/wp-json\/wp\/v2\/product"}],"about":[{"href":"https:\/\/sweetkitsecrets.com\/en\/wp-json\/wp\/v2\/types\/product"}],"replies":[{"embeddable":true,"href":"https:\/\/sweetkitsecrets.com\/en\/wp-json\/wp\/v2\/comments?post=45315"}],"wp:featuredmedia":[{"embeddable":true,"href":"https:\/\/sweetkitsecrets.com\/en\/wp-json\/wp\/v2\/media\/45316"}],"wp:attachment":[{"href":"https:\/\/sweetkitsecrets.com\/en\/wp-json\/wp\/v2\/media?parent=45315"}],"wp:term":[{"taxonomy":"product_brand","embeddable":true,"href":"https:\/\/sweetkitsecrets.com\/en\/wp-json\/wp\/v2\/product_brand?post=45315"},{"taxonomy":"product_cat","embeddable":true,"href":"https:\/\/sweetkitsecrets.com\/en\/wp-json\/wp\/v2\/product_cat?post=45315"},{"taxonomy":"product_tag","embeddable":true,"href":"https:\/\/sweetkitsecrets.com\/en\/wp-json\/wp\/v2\/product_tag?post=45315"}],"curies":[{"name":"wp","href":"https:\/\/api.w.org\/{rel}","templated":true}]}}