{"id":45237,"date":"2024-05-12T19:56:57","date_gmt":"2024-05-12T19:56:57","guid":{"rendered":"https:\/\/sweetkitsecrets.com\/product\/sweet-kitty-bath-milk\/"},"modified":"2024-07-17T09:41:57","modified_gmt":"2024-07-17T09:41:57","slug":"sweet-kitty-bath-milk","status":"publish","type":"product","link":"https:\/\/sweetkitsecrets.com\/en\/product\/sweet-kitty-bath-milk\/","title":{"rendered":"Sweet kitty Bath Milk"},"content":{"rendered":"","protected":false},"excerpt":{"rendered":"<p>Contrairement aux bombes de bain et aux laits ordinaires, notre kitty bath milk est con\u00e7u en pensant \u00e0 votre Kitty avec des ingr\u00e9dients qui am\u00e9liorent votre flore vaginale ! Il \u00e9quilibre le pH intime, nourrit, st\u00e9rilise, d\u00e9sodorise, hydrate durablement, purifie la peau, favorise la circulation sanguine.<\/p>\n<p>Id\u00e9al contre: Sympt\u00f4mes d\u2019infection \u00e0 levures, irritation de la vulve, sympt\u00f4mes de BV et mauvaises odeurs .<\/p>","protected":false},"featured_media":45299,"comment_status":"open","ping_status":"closed","template":"","meta":[],"product_brand":[],"product_cat":[51,138],"product_tag":[],"class_list":{"0":"post-45237","1":"product","2":"type-product","3":"status-publish","4":"has-post-thumbnail","6":"product_cat-entretien-kitty-care-routine","7":"product_cat-savon","10":"first","11":"instock","12":"shipping-taxable","13":"purchasable","14":"product-type-simple"},"jetpack_sharing_enabled":true,"_links":{"self":[{"href":"https:\/\/sweetkitsecrets.com\/en\/wp-json\/wp\/v2\/product\/45237","targetHints":{"allow":["GET"]}}],"collection":[{"href":"https:\/\/sweetkitsecrets.com\/en\/wp-json\/wp\/v2\/product"}],"about":[{"href":"https:\/\/sweetkitsecrets.com\/en\/wp-json\/wp\/v2\/types\/product"}],"replies":[{"embeddable":true,"href":"https:\/\/sweetkitsecrets.com\/en\/wp-json\/wp\/v2\/comments?post=45237"}],"wp:featuredmedia":[{"embeddable":true,"href":"https:\/\/sweetkitsecrets.com\/en\/wp-json\/wp\/v2\/media\/45299"}],"wp:attachment":[{"href":"https:\/\/sweetkitsecrets.com\/en\/wp-json\/wp\/v2\/media?parent=45237"}],"wp:term":[{"taxonomy":"product_brand","embeddable":true,"href":"https:\/\/sweetkitsecrets.com\/en\/wp-json\/wp\/v2\/product_brand?post=45237"},{"taxonomy":"product_cat","embeddable":true,"href":"https:\/\/sweetkitsecrets.com\/en\/wp-json\/wp\/v2\/product_cat?post=45237"},{"taxonomy":"product_tag","embeddable":true,"href":"https:\/\/sweetkitsecrets.com\/en\/wp-json\/wp\/v2\/product_tag?post=45237"}],"curies":[{"name":"wp","href":"https:\/\/api.w.org\/{rel}","templated":true}]}}