{"id":45092,"date":"2024-03-13T14:08:02","date_gmt":"2024-03-13T14:08:02","guid":{"rendered":"https:\/\/sweetkitsecrets.com\/product\/honey-kitty-wash-gel\/"},"modified":"2024-11-30T12:40:56","modified_gmt":"2024-11-30T12:40:56","slug":"honey-kitty-wash-gel","status":"publish","type":"product","link":"https:\/\/sweetkitsecrets.com\/en\/product\/honey-kitty-wash-gel\/","title":{"rendered":"Sweet kitty wash honey"},"content":{"rendered":"","protected":false},"excerpt":{"rendered":"<p>Voici notre nouveau gel intime \u00e0 base de miel &amp; d\u2019Aloe Vera . Il nettoie en douceur , hydrate en profondeur , apaise votre mimine des gonflements et des irritations, antifongique donc il renforce le PH intime, nourrissant, contient des agents antibact\u00e9riens. Id\u00e9al dans un traitement pour les probl\u00e8mes gyn\u00e9cologiques, ainsi que pour les infections !<\/p>","protected":false},"featured_media":45090,"comment_status":"open","ping_status":"closed","template":"","meta":[],"product_brand":[],"product_cat":[51,138,166],"product_tag":[],"class_list":{"0":"post-45092","1":"product","2":"type-product","3":"status-publish","4":"has-post-thumbnail","6":"product_cat-entretien-kitty-care-routine","7":"product_cat-savon","8":"product_cat-toilette-intime","11":"first","12":"outofstock","13":"shipping-taxable","14":"purchasable","15":"product-type-simple"},"jetpack_sharing_enabled":true,"_links":{"self":[{"href":"https:\/\/sweetkitsecrets.com\/en\/wp-json\/wp\/v2\/product\/45092","targetHints":{"allow":["GET"]}}],"collection":[{"href":"https:\/\/sweetkitsecrets.com\/en\/wp-json\/wp\/v2\/product"}],"about":[{"href":"https:\/\/sweetkitsecrets.com\/en\/wp-json\/wp\/v2\/types\/product"}],"replies":[{"embeddable":true,"href":"https:\/\/sweetkitsecrets.com\/en\/wp-json\/wp\/v2\/comments?post=45092"}],"wp:featuredmedia":[{"embeddable":true,"href":"https:\/\/sweetkitsecrets.com\/en\/wp-json\/wp\/v2\/media\/45090"}],"wp:attachment":[{"href":"https:\/\/sweetkitsecrets.com\/en\/wp-json\/wp\/v2\/media?parent=45092"}],"wp:term":[{"taxonomy":"product_brand","embeddable":true,"href":"https:\/\/sweetkitsecrets.com\/en\/wp-json\/wp\/v2\/product_brand?post=45092"},{"taxonomy":"product_cat","embeddable":true,"href":"https:\/\/sweetkitsecrets.com\/en\/wp-json\/wp\/v2\/product_cat?post=45092"},{"taxonomy":"product_tag","embeddable":true,"href":"https:\/\/sweetkitsecrets.com\/en\/wp-json\/wp\/v2\/product_tag?post=45092"}],"curies":[{"name":"wp","href":"https:\/\/api.w.org\/{rel}","templated":true}]}}