{"id":44992,"date":"2024-02-28T07:11:47","date_gmt":"2024-02-28T07:11:47","guid":{"rendered":"https:\/\/sweetkitsecrets.com\/product\/kitty-care-essentials\/"},"modified":"2024-07-10T17:06:49","modified_gmt":"2024-07-10T17:06:49","slug":"kitty-care-essentials","status":"publish","type":"product","link":"https:\/\/sweetkitsecrets.com\/en\/product\/kitty-care-essentials\/","title":{"rendered":"Kitty care essentials"},"content":{"rendered":"","protected":false},"excerpt":{"rendered":"<p>Gamme kitty care essentials :<\/p>\n<p>Les essentiels de ta kitty care routine avec Sweetkitsecrets :<\/p>\n<p>\u2022 Creamy mint kitty wash : mousse lavante intime<\/p>\n<p>\u2022 Cleansing kitty spray : spray intime nettoyant anti bact\u00e9rien<\/p>\n<p>\u2022 Sweet kitty butter : cr\u00e8me intime hydratante et protectrice parfum coco<\/p>\n<p>\u2022 Sweet kitty chlorophylle : compl\u00e9ment alimentaire nettoyant &amp; detoxifiant , avec \u00e7a une flore intime saine et plus de probl\u00e8me d\u2019odeurs d\u2019urine &#8211; de transpiration &#8211; ou mauvaise haleine , donne une belle peau et ralentit son vieillissement, aide \u00e0 la digestion<\/p>\n<p>\u2022 Kitty deo : d\u00e9odorant intime anti transpirant et hydratant<\/p>","protected":false},"featured_media":44991,"comment_status":"open","ping_status":"closed","template":"","meta":[],"product_brand":[],"product_cat":[51,157],"product_tag":[],"class_list":{"0":"post-44992","1":"product","2":"type-product","3":"status-publish","4":"has-post-thumbnail","6":"product_cat-entretien-kitty-care-routine","7":"product_cat-gammes","10":"first","11":"outofstock","12":"shipping-taxable","13":"purchasable","14":"product-type-simple"},"jetpack_sharing_enabled":true,"_links":{"self":[{"href":"https:\/\/sweetkitsecrets.com\/en\/wp-json\/wp\/v2\/product\/44992","targetHints":{"allow":["GET"]}}],"collection":[{"href":"https:\/\/sweetkitsecrets.com\/en\/wp-json\/wp\/v2\/product"}],"about":[{"href":"https:\/\/sweetkitsecrets.com\/en\/wp-json\/wp\/v2\/types\/product"}],"replies":[{"embeddable":true,"href":"https:\/\/sweetkitsecrets.com\/en\/wp-json\/wp\/v2\/comments?post=44992"}],"wp:featuredmedia":[{"embeddable":true,"href":"https:\/\/sweetkitsecrets.com\/en\/wp-json\/wp\/v2\/media\/44991"}],"wp:attachment":[{"href":"https:\/\/sweetkitsecrets.com\/en\/wp-json\/wp\/v2\/media?parent=44992"}],"wp:term":[{"taxonomy":"product_brand","embeddable":true,"href":"https:\/\/sweetkitsecrets.com\/en\/wp-json\/wp\/v2\/product_brand?post=44992"},{"taxonomy":"product_cat","embeddable":true,"href":"https:\/\/sweetkitsecrets.com\/en\/wp-json\/wp\/v2\/product_cat?post=44992"},{"taxonomy":"product_tag","embeddable":true,"href":"https:\/\/sweetkitsecrets.com\/en\/wp-json\/wp\/v2\/product_tag?post=44992"}],"curies":[{"name":"wp","href":"https:\/\/api.w.org\/{rel}","templated":true}]}}