{"id":44955,"date":"2024-02-23T15:30:24","date_gmt":"2024-02-23T15:30:24","guid":{"rendered":"https:\/\/sweetkitsecrets.com\/product\/cleansing-kitty-spray\/"},"modified":"2024-11-13T19:21:15","modified_gmt":"2024-11-13T19:21:15","slug":"cleansing-kitty-spray","status":"publish","type":"product","link":"https:\/\/sweetkitsecrets.com\/en\/product\/cleansing-kitty-spray\/","title":{"rendered":"CLEANSING KITTY SPRAY"},"content":{"rendered":"","protected":false},"excerpt":{"rendered":"<p>NOTRE CLEANSING KITTY SPRAY : un soin anti bacterien pour ta kitty, il l&#8217;a nettoie en quelques coups de spray (soin sans rin\u00e7age) et tu peux le transporter partout avec toi des c&#8217;est pas magique \u00e7a ? En plus il enl\u00e8ve les mauvaises odeurs, r\u00e9gule le pH intime et maintient ta flore vaginale saine et propre !<\/p>","protected":false},"featured_media":44954,"comment_status":"open","ping_status":"closed","template":"","meta":[],"product_brand":[],"product_cat":[51,172,166],"product_tag":[],"class_list":{"0":"post-44955","1":"product","2":"type-product","3":"status-publish","4":"has-post-thumbnail","6":"product_cat-entretien-kitty-care-routine","7":"product_cat-spray-intime","8":"product_cat-toilette-intime","11":"first","12":"instock","13":"shipping-taxable","14":"purchasable","15":"product-type-simple"},"jetpack_sharing_enabled":true,"_links":{"self":[{"href":"https:\/\/sweetkitsecrets.com\/en\/wp-json\/wp\/v2\/product\/44955","targetHints":{"allow":["GET"]}}],"collection":[{"href":"https:\/\/sweetkitsecrets.com\/en\/wp-json\/wp\/v2\/product"}],"about":[{"href":"https:\/\/sweetkitsecrets.com\/en\/wp-json\/wp\/v2\/types\/product"}],"replies":[{"embeddable":true,"href":"https:\/\/sweetkitsecrets.com\/en\/wp-json\/wp\/v2\/comments?post=44955"}],"wp:featuredmedia":[{"embeddable":true,"href":"https:\/\/sweetkitsecrets.com\/en\/wp-json\/wp\/v2\/media\/44954"}],"wp:attachment":[{"href":"https:\/\/sweetkitsecrets.com\/en\/wp-json\/wp\/v2\/media?parent=44955"}],"wp:term":[{"taxonomy":"product_brand","embeddable":true,"href":"https:\/\/sweetkitsecrets.com\/en\/wp-json\/wp\/v2\/product_brand?post=44955"},{"taxonomy":"product_cat","embeddable":true,"href":"https:\/\/sweetkitsecrets.com\/en\/wp-json\/wp\/v2\/product_cat?post=44955"},{"taxonomy":"product_tag","embeddable":true,"href":"https:\/\/sweetkitsecrets.com\/en\/wp-json\/wp\/v2\/product_tag?post=44955"}],"curies":[{"name":"wp","href":"https:\/\/api.w.org\/{rel}","templated":true}]}}