{"id":44953,"date":"2024-02-23T15:26:00","date_gmt":"2024-02-23T15:26:00","guid":{"rendered":"https:\/\/sweetkitsecrets.com\/product\/sweet-kitty-chlorophylle\/"},"modified":"2024-05-09T21:33:32","modified_gmt":"2024-05-09T21:33:32","slug":"sweet-kitty-chlorophylle","status":"publish","type":"product","link":"https:\/\/sweetkitsecrets.com\/en\/product\/sweet-kitty-chlorophylle\/","title":{"rendered":"SWEET KITTY CHLOROPHYLLE"},"content":{"rendered":"","protected":false},"excerpt":{"rendered":"<p>Notre p\u00e9pite qui t&#8217;aidera \u00e0 avoir une kitty saine et \u00e0 la rendre propre de l&#8217;int\u00e9rieure.<\/p>\n<p>\u00c7a detoxifie \u00e9galement le corps, vous n&#8217;aurez plus de mauvaise odeur de transpiration \/ de mauvaises odeurs d&#8217;urine \/ etc<\/p>\n<p>Ce produit n&#8217;est pas destin\u00e9 \u00e0 diagnostiquer, traiter, gu\u00e9rir ou pr\u00e9venir une quelconque maladie<\/p>","protected":false},"featured_media":44952,"comment_status":"open","ping_status":"closed","template":"","meta":[],"product_brand":[],"product_cat":[173,51],"product_tag":[],"class_list":{"0":"post-44953","1":"product","2":"type-product","3":"status-publish","4":"has-post-thumbnail","6":"product_cat-chlorophylle","7":"product_cat-entretien-kitty-care-routine","10":"first","11":"outofstock","12":"shipping-taxable","13":"purchasable","14":"product-type-simple"},"jetpack_sharing_enabled":true,"_links":{"self":[{"href":"https:\/\/sweetkitsecrets.com\/en\/wp-json\/wp\/v2\/product\/44953","targetHints":{"allow":["GET"]}}],"collection":[{"href":"https:\/\/sweetkitsecrets.com\/en\/wp-json\/wp\/v2\/product"}],"about":[{"href":"https:\/\/sweetkitsecrets.com\/en\/wp-json\/wp\/v2\/types\/product"}],"replies":[{"embeddable":true,"href":"https:\/\/sweetkitsecrets.com\/en\/wp-json\/wp\/v2\/comments?post=44953"}],"wp:featuredmedia":[{"embeddable":true,"href":"https:\/\/sweetkitsecrets.com\/en\/wp-json\/wp\/v2\/media\/44952"}],"wp:attachment":[{"href":"https:\/\/sweetkitsecrets.com\/en\/wp-json\/wp\/v2\/media?parent=44953"}],"wp:term":[{"taxonomy":"product_brand","embeddable":true,"href":"https:\/\/sweetkitsecrets.com\/en\/wp-json\/wp\/v2\/product_brand?post=44953"},{"taxonomy":"product_cat","embeddable":true,"href":"https:\/\/sweetkitsecrets.com\/en\/wp-json\/wp\/v2\/product_cat?post=44953"},{"taxonomy":"product_tag","embeddable":true,"href":"https:\/\/sweetkitsecrets.com\/en\/wp-json\/wp\/v2\/product_tag?post=44953"}],"curies":[{"name":"wp","href":"https:\/\/api.w.org\/{rel}","templated":true}]}}