{"id":44951,"date":"2024-02-23T15:23:14","date_gmt":"2024-02-23T15:23:14","guid":{"rendered":"https:\/\/sweetkitsecrets.com\/product\/big-booty-cream\/"},"modified":"2024-07-26T14:55:45","modified_gmt":"2024-07-26T14:55:45","slug":"big-booty-cream","status":"publish","type":"product","link":"https:\/\/sweetkitsecrets.com\/en\/product\/big-booty-cream\/","title":{"rendered":"BIG BOOTY CREAM"},"content":{"rendered":"","protected":false},"excerpt":{"rendered":"<p>Notre \u00ab&nbsp;BIG BOOTY CREAM&nbsp;\u00bb ajoute du volume \u00e0 ton booty &amp; et lui donne une belle forme bien galb\u00e9e tout en am\u00e9liorant l\u2019aspect de la peau \ud83c\udf51\u2728 elle s\u2019ajoute \u00e0 notre gamme Sweetkitsecrets curves , rien que pour vous les baddies !<\/p>","protected":false},"featured_media":44950,"comment_status":"open","ping_status":"closed","template":"","meta":[],"product_brand":[],"product_cat":[171,162],"product_tag":[],"class_list":{"0":"post-44951","1":"product","2":"type-product","3":"status-publish","4":"has-post-thumbnail","6":"product_cat-creme","7":"product_cat-sweetkitsecrets-curves","10":"first","11":"outofstock","12":"shipping-taxable","13":"purchasable","14":"product-type-simple"},"jetpack_sharing_enabled":true,"_links":{"self":[{"href":"https:\/\/sweetkitsecrets.com\/en\/wp-json\/wp\/v2\/product\/44951","targetHints":{"allow":["GET"]}}],"collection":[{"href":"https:\/\/sweetkitsecrets.com\/en\/wp-json\/wp\/v2\/product"}],"about":[{"href":"https:\/\/sweetkitsecrets.com\/en\/wp-json\/wp\/v2\/types\/product"}],"replies":[{"embeddable":true,"href":"https:\/\/sweetkitsecrets.com\/en\/wp-json\/wp\/v2\/comments?post=44951"}],"wp:featuredmedia":[{"embeddable":true,"href":"https:\/\/sweetkitsecrets.com\/en\/wp-json\/wp\/v2\/media\/44950"}],"wp:attachment":[{"href":"https:\/\/sweetkitsecrets.com\/en\/wp-json\/wp\/v2\/media?parent=44951"}],"wp:term":[{"taxonomy":"product_brand","embeddable":true,"href":"https:\/\/sweetkitsecrets.com\/en\/wp-json\/wp\/v2\/product_brand?post=44951"},{"taxonomy":"product_cat","embeddable":true,"href":"https:\/\/sweetkitsecrets.com\/en\/wp-json\/wp\/v2\/product_cat?post=44951"},{"taxonomy":"product_tag","embeddable":true,"href":"https:\/\/sweetkitsecrets.com\/en\/wp-json\/wp\/v2\/product_tag?post=44951"}],"curies":[{"name":"wp","href":"https:\/\/api.w.org\/{rel}","templated":true}]}}