{"id":44938,"date":"2024-02-23T04:31:25","date_gmt":"2024-02-23T04:31:25","guid":{"rendered":"https:\/\/sweetkitsecrets.com\/product\/sweet-kitty-butter\/"},"modified":"2024-05-23T17:16:45","modified_gmt":"2024-05-23T17:16:45","slug":"sweet-kitty-butter","status":"publish","type":"product","link":"https:\/\/sweetkitsecrets.com\/en\/product\/sweet-kitty-butter\/","title":{"rendered":"SWEET KITTY BUTTER"},"content":{"rendered":"","protected":false},"excerpt":{"rendered":"<p>La Sweet kitty butter a pour effet d\u2019apaiser, d\u2019hydrater et de prot\u00e9ger la peau de votre kitty . Elle la garde hydrat\u00e9s et la prot\u00e8ge de la s\u00e9cheresse, elle est au parfum coco !<\/p>\n<p>Elle peut \u00eatre utilis\u00e9e pour les soins quotidiens.<\/p>","protected":false},"featured_media":44937,"comment_status":"open","ping_status":"closed","template":"","meta":[],"product_brand":[],"product_cat":[169,51],"product_tag":[],"class_list":{"0":"post-44938","1":"product","2":"type-product","3":"status-publish","4":"has-post-thumbnail","6":"product_cat-creme-soin-intime","7":"product_cat-entretien-kitty-care-routine","10":"first","11":"outofstock","12":"shipping-taxable","13":"purchasable","14":"product-type-simple"},"jetpack_sharing_enabled":true,"_links":{"self":[{"href":"https:\/\/sweetkitsecrets.com\/en\/wp-json\/wp\/v2\/product\/44938","targetHints":{"allow":["GET"]}}],"collection":[{"href":"https:\/\/sweetkitsecrets.com\/en\/wp-json\/wp\/v2\/product"}],"about":[{"href":"https:\/\/sweetkitsecrets.com\/en\/wp-json\/wp\/v2\/types\/product"}],"replies":[{"embeddable":true,"href":"https:\/\/sweetkitsecrets.com\/en\/wp-json\/wp\/v2\/comments?post=44938"}],"wp:featuredmedia":[{"embeddable":true,"href":"https:\/\/sweetkitsecrets.com\/en\/wp-json\/wp\/v2\/media\/44937"}],"wp:attachment":[{"href":"https:\/\/sweetkitsecrets.com\/en\/wp-json\/wp\/v2\/media?parent=44938"}],"wp:term":[{"taxonomy":"product_brand","embeddable":true,"href":"https:\/\/sweetkitsecrets.com\/en\/wp-json\/wp\/v2\/product_brand?post=44938"},{"taxonomy":"product_cat","embeddable":true,"href":"https:\/\/sweetkitsecrets.com\/en\/wp-json\/wp\/v2\/product_cat?post=44938"},{"taxonomy":"product_tag","embeddable":true,"href":"https:\/\/sweetkitsecrets.com\/en\/wp-json\/wp\/v2\/product_tag?post=44938"}],"curies":[{"name":"wp","href":"https:\/\/api.w.org\/{rel}","templated":true}]}}