{"id":44936,"date":"2024-02-23T04:26:53","date_gmt":"2024-02-23T04:26:53","guid":{"rendered":"https:\/\/sweetkitsecrets.com\/product\/mint-creamy-kitty-wash\/"},"modified":"2024-11-13T19:20:59","modified_gmt":"2024-11-13T19:20:59","slug":"mint-creamy-kitty-wash","status":"publish","type":"product","link":"https:\/\/sweetkitsecrets.com\/en\/product\/mint-creamy-kitty-wash\/","title":{"rendered":"MINT CREAMY KITTY WASH"},"content":{"rendered":"","protected":false},"excerpt":{"rendered":"<p>Notre Lotion a une texture douce et lisse et est enrichie d&#8217;un parfum rafraichissant.<\/p>\n<p>Soulage les d\u00e9mangeaisons et neutralise les odeurs pour une sensation de fraicheur durable toute la journ\u00e9e<\/p>\n<p>Activit\u00e9 antibact\u00e9rienne prouv\u00e9e contre<\/p>\n<p>Staphylococcus aureus, E. coli et Candida albicans<\/p>","protected":false},"featured_media":44935,"comment_status":"open","ping_status":"closed","template":"","meta":[],"product_brand":[],"product_cat":[138,166],"product_tag":[],"class_list":{"0":"post-44936","1":"product","2":"type-product","3":"status-publish","4":"has-post-thumbnail","6":"product_cat-savon","7":"product_cat-toilette-intime","10":"first","11":"instock","12":"shipping-taxable","13":"purchasable","14":"product-type-simple"},"jetpack_sharing_enabled":true,"_links":{"self":[{"href":"https:\/\/sweetkitsecrets.com\/en\/wp-json\/wp\/v2\/product\/44936","targetHints":{"allow":["GET"]}}],"collection":[{"href":"https:\/\/sweetkitsecrets.com\/en\/wp-json\/wp\/v2\/product"}],"about":[{"href":"https:\/\/sweetkitsecrets.com\/en\/wp-json\/wp\/v2\/types\/product"}],"replies":[{"embeddable":true,"href":"https:\/\/sweetkitsecrets.com\/en\/wp-json\/wp\/v2\/comments?post=44936"}],"wp:featuredmedia":[{"embeddable":true,"href":"https:\/\/sweetkitsecrets.com\/en\/wp-json\/wp\/v2\/media\/44935"}],"wp:attachment":[{"href":"https:\/\/sweetkitsecrets.com\/en\/wp-json\/wp\/v2\/media?parent=44936"}],"wp:term":[{"taxonomy":"product_brand","embeddable":true,"href":"https:\/\/sweetkitsecrets.com\/en\/wp-json\/wp\/v2\/product_brand?post=44936"},{"taxonomy":"product_cat","embeddable":true,"href":"https:\/\/sweetkitsecrets.com\/en\/wp-json\/wp\/v2\/product_cat?post=44936"},{"taxonomy":"product_tag","embeddable":true,"href":"https:\/\/sweetkitsecrets.com\/en\/wp-json\/wp\/v2\/product_tag?post=44936"}],"curies":[{"name":"wp","href":"https:\/\/api.w.org\/{rel}","templated":true}]}}