{"id":44930,"date":"2024-02-23T04:16:34","date_gmt":"2024-02-23T04:16:34","guid":{"rendered":"https:\/\/sweetkitsecrets.com\/product\/kitty-tightening-wand\/"},"modified":"2024-03-05T13:03:06","modified_gmt":"2024-03-05T13:03:06","slug":"kitty-tightening-wand","status":"publish","type":"product","link":"https:\/\/sweetkitsecrets.com\/en\/product\/kitty-tightening-wand\/","title":{"rendered":"KITTY TIGHTENING WAND"},"content":{"rendered":"","protected":false},"excerpt":{"rendered":"<p>Excellent produit pour nettoyer le vagin : il va le resserrer, am\u00e9liorer son \u00e9lasticit\u00e9, r\u00e9guler le pH intime, augmenter et am\u00e9liorer le plaisir sexuel pendant les rapports intimes.<\/p>\n<p>Les propri\u00e9t\u00e9s naturelles notre kitty tightening wand proviennent de ses ingr\u00e9dients 100 % purs, naturels et uniques, extraits d&#8217;herbes rares.<\/p>\n<p>Il pr\u00e9vient et traite les infections, il \u00e9limine les mauvaises s\u00e9cr\u00e9tions et les mauvaises odeurs. Le stick est r\u00e9utilisable 15 \u00e0 20 fois .<\/p>","protected":false},"featured_media":44932,"comment_status":"open","ping_status":"closed","template":"","meta":[],"product_brand":[],"product_cat":[143],"product_tag":[],"class_list":{"0":"post-44930","1":"product","2":"type-product","3":"status-publish","4":"has-post-thumbnail","6":"product_cat-ressere-kitty","9":"first","10":"instock","11":"shipping-taxable","12":"purchasable","13":"product-type-simple"},"jetpack_sharing_enabled":true,"_links":{"self":[{"href":"https:\/\/sweetkitsecrets.com\/en\/wp-json\/wp\/v2\/product\/44930","targetHints":{"allow":["GET"]}}],"collection":[{"href":"https:\/\/sweetkitsecrets.com\/en\/wp-json\/wp\/v2\/product"}],"about":[{"href":"https:\/\/sweetkitsecrets.com\/en\/wp-json\/wp\/v2\/types\/product"}],"replies":[{"embeddable":true,"href":"https:\/\/sweetkitsecrets.com\/en\/wp-json\/wp\/v2\/comments?post=44930"}],"wp:featuredmedia":[{"embeddable":true,"href":"https:\/\/sweetkitsecrets.com\/en\/wp-json\/wp\/v2\/media\/44932"}],"wp:attachment":[{"href":"https:\/\/sweetkitsecrets.com\/en\/wp-json\/wp\/v2\/media?parent=44930"}],"wp:term":[{"taxonomy":"product_brand","embeddable":true,"href":"https:\/\/sweetkitsecrets.com\/en\/wp-json\/wp\/v2\/product_brand?post=44930"},{"taxonomy":"product_cat","embeddable":true,"href":"https:\/\/sweetkitsecrets.com\/en\/wp-json\/wp\/v2\/product_cat?post=44930"},{"taxonomy":"product_tag","embeddable":true,"href":"https:\/\/sweetkitsecrets.com\/en\/wp-json\/wp\/v2\/product_tag?post=44930"}],"curies":[{"name":"wp","href":"https:\/\/api.w.org\/{rel}","templated":true}]}}