{"id":44908,"date":"2024-02-17T05:19:52","date_gmt":"2024-02-17T05:19:52","guid":{"rendered":"https:\/\/sweetkitsecrets.com\/product\/tight-sexy-jewelry\/"},"modified":"2024-02-25T05:30:20","modified_gmt":"2024-02-25T05:30:20","slug":"tight-sexy-jewelry","status":"publish","type":"product","link":"https:\/\/sweetkitsecrets.com\/en\/product\/tight-sexy-jewelry\/","title":{"rendered":"Tight sexy jewelry"},"content":{"rendered":"<p>Bijoux pour les cuisses sexy avec des motifs \u00e0 coeurs et effet diamant , ce bijou sert \u00e0 habiller le corps et \u00e0 apporter une touche en plus \u00e0 ta lingerie ! Tu vas shine bright like a diamond gr\u00e2ce \u00e0 \u00e7a .<\/p>","protected":false},"excerpt":{"rendered":"<p>Bijoux pour les cuisses sexy avec des motifs \u00e0 coeurs et effet diamant , ce bijou sert \u00e0 habiller le corps et \u00e0 apporter une touche en plus \u00e0 ta lingerie ! Tu vas shine bright like a diamond gr\u00e2ce \u00e0 \u00e7a .<\/p>","protected":false},"featured_media":44919,"comment_status":"open","ping_status":"closed","template":"","meta":[],"product_brand":[],"product_cat":[168],"product_tag":[],"class_list":{"0":"post-44908","1":"product","2":"type-product","3":"status-publish","4":"has-post-thumbnail","6":"product_cat-bijoux-de-corps","9":"first","10":"instock","11":"shipping-taxable","12":"purchasable","13":"product-type-simple"},"jetpack_sharing_enabled":true,"_links":{"self":[{"href":"https:\/\/sweetkitsecrets.com\/en\/wp-json\/wp\/v2\/product\/44908","targetHints":{"allow":["GET"]}}],"collection":[{"href":"https:\/\/sweetkitsecrets.com\/en\/wp-json\/wp\/v2\/product"}],"about":[{"href":"https:\/\/sweetkitsecrets.com\/en\/wp-json\/wp\/v2\/types\/product"}],"replies":[{"embeddable":true,"href":"https:\/\/sweetkitsecrets.com\/en\/wp-json\/wp\/v2\/comments?post=44908"}],"wp:featuredmedia":[{"embeddable":true,"href":"https:\/\/sweetkitsecrets.com\/en\/wp-json\/wp\/v2\/media\/44919"}],"wp:attachment":[{"href":"https:\/\/sweetkitsecrets.com\/en\/wp-json\/wp\/v2\/media?parent=44908"}],"wp:term":[{"taxonomy":"product_brand","embeddable":true,"href":"https:\/\/sweetkitsecrets.com\/en\/wp-json\/wp\/v2\/product_brand?post=44908"},{"taxonomy":"product_cat","embeddable":true,"href":"https:\/\/sweetkitsecrets.com\/en\/wp-json\/wp\/v2\/product_cat?post=44908"},{"taxonomy":"product_tag","embeddable":true,"href":"https:\/\/sweetkitsecrets.com\/en\/wp-json\/wp\/v2\/product_tag?post=44908"}],"curies":[{"name":"wp","href":"https:\/\/api.w.org\/{rel}","templated":true}]}}