{"id":44752,"date":"2023-12-12T14:38:28","date_gmt":"2023-12-12T14:38:28","guid":{"rendered":"http:\/\/sweetkitsecrets.com\/?post_type=product&#038;p=44752"},"modified":"2024-11-13T19:21:41","modified_gmt":"2024-11-13T19:21:41","slug":"the-ventre-plat","status":"publish","type":"product","link":"https:\/\/sweetkitsecrets.com\/en\/product\/the-ventre-plat\/","title":{"rendered":"Th\u00e9 ventre plat"},"content":{"rendered":"","protected":false},"excerpt":{"rendered":"<p>Le th\u00e9 qui te fera avoir un ventre plat comme on aime ! Pas besoin d&#8217;attendre l\u2019\u00e9t\u00e9 pour atteindre ton body goal &#8230; En plus, il d\u00e9toxifie et est id\u00e9al contre les\u00a0ballonnements.<\/p>","protected":false},"featured_media":44753,"comment_status":"open","ping_status":"closed","template":"","meta":[],"product_brand":[],"product_cat":[164,162],"product_tag":[],"class_list":{"0":"post-44752","1":"product","2":"type-product","3":"status-publish","4":"has-post-thumbnail","6":"product_cat-le-the","7":"product_cat-sweetkitsecrets-curves","10":"first","11":"instock","12":"shipping-taxable","13":"purchasable","14":"product-type-simple"},"jetpack_sharing_enabled":true,"_links":{"self":[{"href":"https:\/\/sweetkitsecrets.com\/en\/wp-json\/wp\/v2\/product\/44752","targetHints":{"allow":["GET"]}}],"collection":[{"href":"https:\/\/sweetkitsecrets.com\/en\/wp-json\/wp\/v2\/product"}],"about":[{"href":"https:\/\/sweetkitsecrets.com\/en\/wp-json\/wp\/v2\/types\/product"}],"replies":[{"embeddable":true,"href":"https:\/\/sweetkitsecrets.com\/en\/wp-json\/wp\/v2\/comments?post=44752"}],"wp:featuredmedia":[{"embeddable":true,"href":"https:\/\/sweetkitsecrets.com\/en\/wp-json\/wp\/v2\/media\/44753"}],"wp:attachment":[{"href":"https:\/\/sweetkitsecrets.com\/en\/wp-json\/wp\/v2\/media?parent=44752"}],"wp:term":[{"taxonomy":"product_brand","embeddable":true,"href":"https:\/\/sweetkitsecrets.com\/en\/wp-json\/wp\/v2\/product_brand?post=44752"},{"taxonomy":"product_cat","embeddable":true,"href":"https:\/\/sweetkitsecrets.com\/en\/wp-json\/wp\/v2\/product_cat?post=44752"},{"taxonomy":"product_tag","embeddable":true,"href":"https:\/\/sweetkitsecrets.com\/en\/wp-json\/wp\/v2\/product_tag?post=44752"}],"curies":[{"name":"wp","href":"https:\/\/api.w.org\/{rel}","templated":true}]}}