{"id":44701,"date":"2023-11-25T04:47:37","date_gmt":"2023-11-25T04:47:37","guid":{"rendered":"http:\/\/sweetkitsecrets.com\/?post_type=product&#038;p=44701"},"modified":"2025-12-12T01:28:44","modified_gmt":"2025-12-12T01:28:44","slug":"the-intime","status":"publish","type":"product","link":"https:\/\/sweetkitsecrets.com\/en\/product\/the-intime\/","title":{"rendered":"Th\u00e9 intime"},"content":{"rendered":"<p>Notre th\u00e9 intime \u00e0 plusieurs bienfaits :<\/p>\n<p>Il soulage les crampes menstruelles et r\u00e8gles abondantes , il detoxifie l&#8217;ut\u00e9rus et le vagin , il \u00e9quilibre les hormones , il soulage les probl\u00e8mes de s\u00e9cheresse intime et il augmente le taux de fertilit\u00e9 !<\/p>","protected":false},"excerpt":{"rendered":"<p>Notre th\u00e9 intime \u00e0 plusieurs bienfaits : Il soulage les crampes menstruelles et r\u00e8gles abondantes , il detoxifie l&#8217;ut\u00e9rus et le vagin , il \u00e9quilibre les hormones , il soulage les probl\u00e8mes de s\u00e9cheresse intime et il augmente le taux de fertilit\u00e9 !<\/p>","protected":false},"featured_media":44708,"comment_status":"open","ping_status":"closed","template":"","meta":[],"product_brand":[],"product_cat":[167],"product_tag":[],"class_list":{"0":"post-44701","1":"product","2":"type-product","3":"status-publish","4":"has-post-thumbnail","6":"product_cat-the-intime","9":"first","10":"outofstock","11":"shipping-taxable","12":"purchasable","13":"product-type-simple"},"jetpack_sharing_enabled":true,"_links":{"self":[{"href":"https:\/\/sweetkitsecrets.com\/en\/wp-json\/wp\/v2\/product\/44701","targetHints":{"allow":["GET"]}}],"collection":[{"href":"https:\/\/sweetkitsecrets.com\/en\/wp-json\/wp\/v2\/product"}],"about":[{"href":"https:\/\/sweetkitsecrets.com\/en\/wp-json\/wp\/v2\/types\/product"}],"replies":[{"embeddable":true,"href":"https:\/\/sweetkitsecrets.com\/en\/wp-json\/wp\/v2\/comments?post=44701"}],"wp:featuredmedia":[{"embeddable":true,"href":"https:\/\/sweetkitsecrets.com\/en\/wp-json\/wp\/v2\/media\/44708"}],"wp:attachment":[{"href":"https:\/\/sweetkitsecrets.com\/en\/wp-json\/wp\/v2\/media?parent=44701"}],"wp:term":[{"taxonomy":"product_brand","embeddable":true,"href":"https:\/\/sweetkitsecrets.com\/en\/wp-json\/wp\/v2\/product_brand?post=44701"},{"taxonomy":"product_cat","embeddable":true,"href":"https:\/\/sweetkitsecrets.com\/en\/wp-json\/wp\/v2\/product_cat?post=44701"},{"taxonomy":"product_tag","embeddable":true,"href":"https:\/\/sweetkitsecrets.com\/en\/wp-json\/wp\/v2\/product_tag?post=44701"}],"curies":[{"name":"wp","href":"https:\/\/api.w.org\/{rel}","templated":true}]}}