{"id":44696,"date":"2023-11-25T04:38:50","date_gmt":"2023-11-25T04:38:50","guid":{"rendered":"http:\/\/sweetkitsecrets.com\/?post_type=product&#038;p=44696"},"modified":"2025-11-20T21:21:41","modified_gmt":"2025-11-20T21:21:41","slug":"peche","status":"publish","type":"product","link":"https:\/\/sweetkitsecrets.com\/en\/product\/peche\/","title":{"rendered":"Kitty wash gel ( p\u00eache )"},"content":{"rendered":"<p>Notre gel intime nettoie en douceur et exfolie en m\u00eame temps ! Il est \u00e0 base d&#8217;ingr\u00e9dients naturels , et sert pour votre toilette intime quotidienne . Il hydrate , r\u00e9gule votre pH intime et pr\u00e9vient contre les infections .<\/p>","protected":false},"excerpt":{"rendered":"<p>Notre gel intime nettoie en douceur et exfolie en m\u00eame temps ! Il est \u00e0 base d&#8217;ingr\u00e9dients naturels , et sert pour votre toilette intime quotidienne . Il hydrate , r\u00e9gule votre pH intime et pr\u00e9vient contre les infections .<\/p>","protected":false},"featured_media":45127,"comment_status":"open","ping_status":"closed","template":"","meta":[],"product_brand":[],"product_cat":[51,138,166],"product_tag":[],"class_list":{"0":"post-44696","1":"product","2":"type-product","3":"status-publish","4":"has-post-thumbnail","6":"product_cat-entretien-kitty-care-routine","7":"product_cat-savon","8":"product_cat-toilette-intime","11":"first","12":"outofstock","13":"shipping-taxable","14":"purchasable","15":"product-type-simple"},"jetpack_sharing_enabled":true,"_links":{"self":[{"href":"https:\/\/sweetkitsecrets.com\/en\/wp-json\/wp\/v2\/product\/44696","targetHints":{"allow":["GET"]}}],"collection":[{"href":"https:\/\/sweetkitsecrets.com\/en\/wp-json\/wp\/v2\/product"}],"about":[{"href":"https:\/\/sweetkitsecrets.com\/en\/wp-json\/wp\/v2\/types\/product"}],"replies":[{"embeddable":true,"href":"https:\/\/sweetkitsecrets.com\/en\/wp-json\/wp\/v2\/comments?post=44696"}],"wp:featuredmedia":[{"embeddable":true,"href":"https:\/\/sweetkitsecrets.com\/en\/wp-json\/wp\/v2\/media\/45127"}],"wp:attachment":[{"href":"https:\/\/sweetkitsecrets.com\/en\/wp-json\/wp\/v2\/media?parent=44696"}],"wp:term":[{"taxonomy":"product_brand","embeddable":true,"href":"https:\/\/sweetkitsecrets.com\/en\/wp-json\/wp\/v2\/product_brand?post=44696"},{"taxonomy":"product_cat","embeddable":true,"href":"https:\/\/sweetkitsecrets.com\/en\/wp-json\/wp\/v2\/product_cat?post=44696"},{"taxonomy":"product_tag","embeddable":true,"href":"https:\/\/sweetkitsecrets.com\/en\/wp-json\/wp\/v2\/product_tag?post=44696"}],"curies":[{"name":"wp","href":"https:\/\/api.w.org\/{rel}","templated":true}]}}