{"id":44695,"date":"2023-11-25T04:37:35","date_gmt":"2023-11-25T04:37:35","guid":{"rendered":"http:\/\/sweetkitsecrets.com\/?post_type=product&#038;p=44695"},"modified":"2025-04-11T22:34:37","modified_gmt":"2025-04-11T22:34:37","slug":"rose","status":"publish","type":"product","link":"https:\/\/sweetkitsecrets.com\/en\/product\/rose\/","title":{"rendered":"Kitty wash gel ( rose )"},"content":{"rendered":"<p>Notre gel intime nettoie en douceur et exfolie en m\u00eame temps ! Il est \u00e0 base d&#8217;ingr\u00e9dients naturels , et sert pour votre toilette intime quotidienne . Il hydrate , r\u00e9gule votre pH intime et pr\u00e9vient contre les infections .<\/p>","protected":false},"excerpt":{"rendered":"<p>Notre gel intime nettoie en douceur et exfolie en m\u00eame temps ! Il est \u00e0 base d&#8217;ingr\u00e9dients naturels , et sert pour votre toilette intime quotidienne . Il hydrate , r\u00e9gule votre pH intime et pr\u00e9vient contre les infections .<\/p>","protected":false},"featured_media":44997,"comment_status":"open","ping_status":"closed","template":"","meta":[],"product_brand":[],"product_cat":[51,138,166],"product_tag":[],"class_list":{"0":"post-44695","1":"product","2":"type-product","3":"status-publish","4":"has-post-thumbnail","6":"product_cat-entretien-kitty-care-routine","7":"product_cat-savon","8":"product_cat-toilette-intime","11":"first","12":"instock","13":"shipping-taxable","14":"purchasable","15":"product-type-simple"},"jetpack_sharing_enabled":true,"_links":{"self":[{"href":"https:\/\/sweetkitsecrets.com\/en\/wp-json\/wp\/v2\/product\/44695","targetHints":{"allow":["GET"]}}],"collection":[{"href":"https:\/\/sweetkitsecrets.com\/en\/wp-json\/wp\/v2\/product"}],"about":[{"href":"https:\/\/sweetkitsecrets.com\/en\/wp-json\/wp\/v2\/types\/product"}],"replies":[{"embeddable":true,"href":"https:\/\/sweetkitsecrets.com\/en\/wp-json\/wp\/v2\/comments?post=44695"}],"wp:featuredmedia":[{"embeddable":true,"href":"https:\/\/sweetkitsecrets.com\/en\/wp-json\/wp\/v2\/media\/44997"}],"wp:attachment":[{"href":"https:\/\/sweetkitsecrets.com\/en\/wp-json\/wp\/v2\/media?parent=44695"}],"wp:term":[{"taxonomy":"product_brand","embeddable":true,"href":"https:\/\/sweetkitsecrets.com\/en\/wp-json\/wp\/v2\/product_brand?post=44695"},{"taxonomy":"product_cat","embeddable":true,"href":"https:\/\/sweetkitsecrets.com\/en\/wp-json\/wp\/v2\/product_cat?post=44695"},{"taxonomy":"product_tag","embeddable":true,"href":"https:\/\/sweetkitsecrets.com\/en\/wp-json\/wp\/v2\/product_tag?post=44695"}],"curies":[{"name":"wp","href":"https:\/\/api.w.org\/{rel}","templated":true}]}}