{"id":44579,"date":"2023-11-02T17:56:49","date_gmt":"2023-11-02T17:56:49","guid":{"rendered":"http:\/\/sweetkitsecrets.com\/product\/gamme-anti-infections\/"},"modified":"2024-03-26T15:24:44","modified_gmt":"2024-03-26T15:24:44","slug":"gamme-anti-infections","status":"publish","type":"product","link":"https:\/\/sweetkitsecrets.com\/en\/product\/gamme-anti-infections\/","title":{"rendered":"Gamme anti infections"},"content":{"rendered":"<p>Notre gamme anti infection est compos\u00e9e de :<\/p>\n<p>Notre gel intime antibact\u00e9rien Miel &#8211; Aloe Vera &#8220;Sweet kitty wash honey&#8221;<\/p>\n<p>Nos perles detox &#8220;Kitty detox pearls&#8221; ( interdit aux femmes vierges)<\/p>\n<p>Notre huile intime &#8220;Yummy kitty oil&#8221;<\/p>\n<p>Une cure de quelques jours pour le bien de votre kitty qui va rendre sa flore intime \u00e9quilibr\u00e9e avec un pH saint, soigner les infections prot\u00e9ger des r\u00e9cidives !<\/p>","protected":false},"excerpt":{"rendered":"<p>Notre gamme anti infection est compos\u00e9e de :<\/p>\n<p>Notre savon intime sweetkitsecrets<\/p>\n<p>Nos probiotiques vaginales sweetkitsecrets<\/p>\n<p>Nos perles detox sweetkitsecrets<\/p>\n<p>Notre huile intime sweetkitsecrets<\/p>\n<p>Une cure de quelques jours pour le bien de votre kitty qui va rendre sa flore intime \u00e9quilibr\u00e9e avec un pH saint, la soigner des infections et la prot\u00e9ger des r\u00e9cidives !<\/p>","protected":false},"featured_media":45117,"comment_status":"open","ping_status":"closed","template":"","meta":[],"product_brand":[],"product_cat":[157],"product_tag":[],"class_list":{"0":"post-44579","1":"product","2":"type-product","3":"status-publish","4":"has-post-thumbnail","6":"product_cat-gammes","9":"first","10":"instock","11":"shipping-taxable","12":"purchasable","13":"product-type-simple"},"jetpack_sharing_enabled":true,"_links":{"self":[{"href":"https:\/\/sweetkitsecrets.com\/en\/wp-json\/wp\/v2\/product\/44579","targetHints":{"allow":["GET"]}}],"collection":[{"href":"https:\/\/sweetkitsecrets.com\/en\/wp-json\/wp\/v2\/product"}],"about":[{"href":"https:\/\/sweetkitsecrets.com\/en\/wp-json\/wp\/v2\/types\/product"}],"replies":[{"embeddable":true,"href":"https:\/\/sweetkitsecrets.com\/en\/wp-json\/wp\/v2\/comments?post=44579"}],"wp:featuredmedia":[{"embeddable":true,"href":"https:\/\/sweetkitsecrets.com\/en\/wp-json\/wp\/v2\/media\/45117"}],"wp:attachment":[{"href":"https:\/\/sweetkitsecrets.com\/en\/wp-json\/wp\/v2\/media?parent=44579"}],"wp:term":[{"taxonomy":"product_brand","embeddable":true,"href":"https:\/\/sweetkitsecrets.com\/en\/wp-json\/wp\/v2\/product_brand?post=44579"},{"taxonomy":"product_cat","embeddable":true,"href":"https:\/\/sweetkitsecrets.com\/en\/wp-json\/wp\/v2\/product_cat?post=44579"},{"taxonomy":"product_tag","embeddable":true,"href":"https:\/\/sweetkitsecrets.com\/en\/wp-json\/wp\/v2\/product_tag?post=44579"}],"curies":[{"name":"wp","href":"https:\/\/api.w.org\/{rel}","templated":true}]}}