{"id":44550,"date":"2023-10-31T15:24:48","date_gmt":"2023-10-31T15:24:48","guid":{"rendered":"http:\/\/sweetkitsecrets.com\/product\/your-best-night-gamme-intime\/"},"modified":"2024-03-26T16:30:05","modified_gmt":"2024-03-26T16:30:05","slug":"your-best-night-gamme-intime","status":"publish","type":"product","link":"https:\/\/sweetkitsecrets.com\/en\/product\/your-best-night-gamme-intime\/","title":{"rendered":"Your best night \u2022 Gamme Intime"},"content":{"rendered":"","protected":false},"excerpt":{"rendered":"<p>Sweetkitsecrets t&#8217;a fait une s\u00e9lection de tous les produits essentiels \u00e0 avoir pour passer une nuit inoubliable et caliente avec ton partenaire !<\/p>\n<p>Ps : les bonbons intimes sont actuellement en rupture de stock , ils seront bient\u00f4t de retour ! Mais ne t&#8217;inqui\u00e8te pas , ceci a \u00e9t\u00e9 d\u00e9duit du prix ,<\/p>","protected":false},"featured_media":45126,"comment_status":"open","ping_status":"closed","template":"","meta":[],"product_brand":[],"product_cat":[157],"product_tag":[],"class_list":{"0":"post-44550","1":"product","2":"type-product","3":"status-publish","4":"has-post-thumbnail","6":"product_cat-gammes","9":"first","10":"instock","11":"shipping-taxable","12":"purchasable","13":"product-type-simple"},"jetpack_sharing_enabled":true,"_links":{"self":[{"href":"https:\/\/sweetkitsecrets.com\/en\/wp-json\/wp\/v2\/product\/44550","targetHints":{"allow":["GET"]}}],"collection":[{"href":"https:\/\/sweetkitsecrets.com\/en\/wp-json\/wp\/v2\/product"}],"about":[{"href":"https:\/\/sweetkitsecrets.com\/en\/wp-json\/wp\/v2\/types\/product"}],"replies":[{"embeddable":true,"href":"https:\/\/sweetkitsecrets.com\/en\/wp-json\/wp\/v2\/comments?post=44550"}],"wp:featuredmedia":[{"embeddable":true,"href":"https:\/\/sweetkitsecrets.com\/en\/wp-json\/wp\/v2\/media\/45126"}],"wp:attachment":[{"href":"https:\/\/sweetkitsecrets.com\/en\/wp-json\/wp\/v2\/media?parent=44550"}],"wp:term":[{"taxonomy":"product_brand","embeddable":true,"href":"https:\/\/sweetkitsecrets.com\/en\/wp-json\/wp\/v2\/product_brand?post=44550"},{"taxonomy":"product_cat","embeddable":true,"href":"https:\/\/sweetkitsecrets.com\/en\/wp-json\/wp\/v2\/product_cat?post=44550"},{"taxonomy":"product_tag","embeddable":true,"href":"https:\/\/sweetkitsecrets.com\/en\/wp-json\/wp\/v2\/product_tag?post=44550"}],"curies":[{"name":"wp","href":"https:\/\/api.w.org\/{rel}","templated":true}]}}