{"id":44546,"date":"2023-10-31T15:20:59","date_gmt":"2023-10-31T15:20:59","guid":{"rendered":"http:\/\/sweetkitsecrets.com\/product\/gamme-soins-intimes-sweetkitsecrets\/"},"modified":"2024-03-26T16:08:35","modified_gmt":"2024-03-26T16:08:35","slug":"gamme-soins-intimes-sweetkitsecrets","status":"publish","type":"product","link":"https:\/\/sweetkitsecrets.com\/en\/product\/gamme-soins-intimes-sweetkitsecrets\/","title":{"rendered":"Gamme soins intimes sweetkitsecrets"},"content":{"rendered":"<p>Voici la gamme de soins Sweetkitsecrets ,qui regroupe certains produits n\u00e9cessaires d&#8217;hygi\u00e8ne intime que tu devrais avoir avec toi au quotidien !<\/p>\n<p>Ps : le gommage intime est actuellement en rupture de stock , il sera bient\u00f4t de retour ! Mais ne t&#8217;inqui\u00e8te pas , ceci a \u00e9t\u00e9 d\u00e9duit du prix .<\/p>","protected":false},"excerpt":{"rendered":"<p>Voici la gamme de soins Sweetkitsecrets ,qui regroupe certains produits n\u00e9cessaires d&#8217;hygi\u00e8ne intime que tu devrais avoir avec toi au quotidien ! Ps : le gommage intime est actuellement en rupture de stock , il sera bient\u00f4t de retour ! Mais ne t&#8217;inqui\u00e8te pas , ceci a \u00e9t\u00e9 d\u00e9duit du prix .<\/p>","protected":false},"featured_media":45125,"comment_status":"open","ping_status":"closed","template":"","meta":[],"product_brand":[],"product_cat":[157],"product_tag":[],"class_list":{"0":"post-44546","1":"product","2":"type-product","3":"status-publish","4":"has-post-thumbnail","6":"product_cat-gammes","9":"first","10":"instock","11":"shipping-taxable","12":"purchasable","13":"product-type-simple"},"jetpack_sharing_enabled":true,"_links":{"self":[{"href":"https:\/\/sweetkitsecrets.com\/en\/wp-json\/wp\/v2\/product\/44546","targetHints":{"allow":["GET"]}}],"collection":[{"href":"https:\/\/sweetkitsecrets.com\/en\/wp-json\/wp\/v2\/product"}],"about":[{"href":"https:\/\/sweetkitsecrets.com\/en\/wp-json\/wp\/v2\/types\/product"}],"replies":[{"embeddable":true,"href":"https:\/\/sweetkitsecrets.com\/en\/wp-json\/wp\/v2\/comments?post=44546"}],"wp:featuredmedia":[{"embeddable":true,"href":"https:\/\/sweetkitsecrets.com\/en\/wp-json\/wp\/v2\/media\/45125"}],"wp:attachment":[{"href":"https:\/\/sweetkitsecrets.com\/en\/wp-json\/wp\/v2\/media?parent=44546"}],"wp:term":[{"taxonomy":"product_brand","embeddable":true,"href":"https:\/\/sweetkitsecrets.com\/en\/wp-json\/wp\/v2\/product_brand?post=44546"},{"taxonomy":"product_cat","embeddable":true,"href":"https:\/\/sweetkitsecrets.com\/en\/wp-json\/wp\/v2\/product_cat?post=44546"},{"taxonomy":"product_tag","embeddable":true,"href":"https:\/\/sweetkitsecrets.com\/en\/wp-json\/wp\/v2\/product_tag?post=44546"}],"curies":[{"name":"wp","href":"https:\/\/api.w.org\/{rel}","templated":true}]}}