{"id":44534,"date":"2023-10-27T14:42:35","date_gmt":"2023-10-27T14:42:35","guid":{"rendered":"http:\/\/sweetkitsecrets.com\/?post_type=product&#038;p=44534"},"modified":"2025-02-06T15:31:56","modified_gmt":"2025-02-06T15:31:56","slug":"juicy-kitty-wap","status":"publish","type":"product","link":"https:\/\/sweetkitsecrets.com\/en\/product\/juicy-kitty-wap\/","title":{"rendered":"Juicy Kitty Wap"},"content":{"rendered":"<p>Le lubrifiant sweetkitsecrets \u00e0 la texture unique est d&#8217;une efficacit\u00e9 incomparable ! Avec \u00e7a, adieu les probl\u00e8mes de s\u00e9cheresse intime &#8230; vous serez juicy, vous resterez juicy, et vos moments intimes seront plus que juicy ! En plus , notre lubrifiant tue les bact\u00e9ries, augmente la libido, et garde mimine mouill\u00e9e comme il faut pour des moments encore plus incroyables avec votre partenaire! Les parfums disponibles sont lait p\u00eache et fraise.<\/p>","protected":false},"excerpt":{"rendered":"<p>Le lubrifiant sweetkitsecrets \u00e0 la texture unique est d&#8217;une efficacit\u00e9 incomparable ! Avec \u00e7a, adieu les probl\u00e8mes de s\u00e9cheresse intime &#8230; vous serez juicy, vous resterez juicy, et vos moments intimes seront plus que juicy ! En plus , notre lubrifiant tue les bact\u00e9ries, augmente la libido, et garde mimine mouill\u00e9e comme il faut pour [&hellip;]<\/p>\n","protected":false},"featured_media":44539,"comment_status":"open","ping_status":"closed","template":"","meta":[],"product_brand":[],"product_cat":[63],"product_tag":[],"class_list":{"0":"post-44534","1":"product","2":"type-product","3":"status-publish","4":"has-post-thumbnail","6":"product_cat-moments-a-deux","9":"first","10":"outofstock","11":"shipping-taxable","12":"purchasable","13":"product-type-variable"},"jetpack_sharing_enabled":true,"_links":{"self":[{"href":"https:\/\/sweetkitsecrets.com\/en\/wp-json\/wp\/v2\/product\/44534","targetHints":{"allow":["GET"]}}],"collection":[{"href":"https:\/\/sweetkitsecrets.com\/en\/wp-json\/wp\/v2\/product"}],"about":[{"href":"https:\/\/sweetkitsecrets.com\/en\/wp-json\/wp\/v2\/types\/product"}],"replies":[{"embeddable":true,"href":"https:\/\/sweetkitsecrets.com\/en\/wp-json\/wp\/v2\/comments?post=44534"}],"wp:featuredmedia":[{"embeddable":true,"href":"https:\/\/sweetkitsecrets.com\/en\/wp-json\/wp\/v2\/media\/44539"}],"wp:attachment":[{"href":"https:\/\/sweetkitsecrets.com\/en\/wp-json\/wp\/v2\/media?parent=44534"}],"wp:term":[{"taxonomy":"product_brand","embeddable":true,"href":"https:\/\/sweetkitsecrets.com\/en\/wp-json\/wp\/v2\/product_brand?post=44534"},{"taxonomy":"product_cat","embeddable":true,"href":"https:\/\/sweetkitsecrets.com\/en\/wp-json\/wp\/v2\/product_cat?post=44534"},{"taxonomy":"product_tag","embeddable":true,"href":"https:\/\/sweetkitsecrets.com\/en\/wp-json\/wp\/v2\/product_tag?post=44534"}],"curies":[{"name":"wp","href":"https:\/\/api.w.org\/{rel}","templated":true}]}}