{"id":44522,"date":"2023-10-26T16:37:01","date_gmt":"2023-10-26T16:37:01","guid":{"rendered":"http:\/\/sweetkitsecrets.com\/product\/kitty-deo-the-vert\/"},"modified":"2024-02-25T05:33:53","modified_gmt":"2024-02-25T05:33:53","slug":"kitty-deo-the-vert","status":"publish","type":"product","link":"https:\/\/sweetkitsecrets.com\/en\/product\/kitty-deo-the-vert\/","title":{"rendered":"Kitty deo &#8211; Th\u00e9 vert"},"content":{"rendered":"","protected":false},"excerpt":{"rendered":"<p>Ce d\u00e9odorant est con\u00e7u pour ta Kitty ! C\u2019est un anti transpirant gr\u00e2ce \u00e0 qui ta Kitty aura une odeur irr\u00e9sistible , il peut aussi \u00eatre appliqu\u00e9 sur certaines zones intimes comme : en bas des seins , entre les seins, entre les fesses , en dessous des fesses \u2026 toutes les petites zones intimes qui ont tendance \u00e0 transpirer et \u00e0 laisser une mauvaise ordeur , maintenant le probl\u00e8me est r\u00e9gl\u00e9 !<\/p>","protected":false},"featured_media":44540,"comment_status":"open","ping_status":"closed","template":"","meta":[],"product_brand":[],"product_cat":[141],"product_tag":[],"class_list":{"0":"post-44522","1":"product","2":"type-product","3":"status-publish","4":"has-post-thumbnail","6":"product_cat-deo-intime","9":"first","10":"instock","11":"shipping-taxable","12":"purchasable","13":"product-type-simple"},"jetpack_sharing_enabled":true,"_links":{"self":[{"href":"https:\/\/sweetkitsecrets.com\/en\/wp-json\/wp\/v2\/product\/44522","targetHints":{"allow":["GET"]}}],"collection":[{"href":"https:\/\/sweetkitsecrets.com\/en\/wp-json\/wp\/v2\/product"}],"about":[{"href":"https:\/\/sweetkitsecrets.com\/en\/wp-json\/wp\/v2\/types\/product"}],"replies":[{"embeddable":true,"href":"https:\/\/sweetkitsecrets.com\/en\/wp-json\/wp\/v2\/comments?post=44522"}],"wp:featuredmedia":[{"embeddable":true,"href":"https:\/\/sweetkitsecrets.com\/en\/wp-json\/wp\/v2\/media\/44540"}],"wp:attachment":[{"href":"https:\/\/sweetkitsecrets.com\/en\/wp-json\/wp\/v2\/media?parent=44522"}],"wp:term":[{"taxonomy":"product_brand","embeddable":true,"href":"https:\/\/sweetkitsecrets.com\/en\/wp-json\/wp\/v2\/product_brand?post=44522"},{"taxonomy":"product_cat","embeddable":true,"href":"https:\/\/sweetkitsecrets.com\/en\/wp-json\/wp\/v2\/product_cat?post=44522"},{"taxonomy":"product_tag","embeddable":true,"href":"https:\/\/sweetkitsecrets.com\/en\/wp-json\/wp\/v2\/product_tag?post=44522"}],"curies":[{"name":"wp","href":"https:\/\/api.w.org\/{rel}","templated":true}]}}