{"id":44520,"date":"2023-10-26T16:33:42","date_gmt":"2023-10-26T16:33:42","guid":{"rendered":"http:\/\/sweetkitsecrets.com\/product\/yummy-kitty-oil-ananas\/"},"modified":"2024-11-13T19:24:11","modified_gmt":"2024-11-13T19:24:11","slug":"yummy-kitty-oil-ananas","status":"publish","type":"product","link":"https:\/\/sweetkitsecrets.com\/en\/product\/yummy-kitty-oil-ananas\/","title":{"rendered":"Yummy kitty oil Ananas"},"content":{"rendered":"","protected":false},"excerpt":{"rendered":"<p>Cette huile miraculeuse est un soin intime ! Elle nettoie, hydrate , apaise les irritations \/ s\u00e9cheresse \/ et d\u00e9mangeaisons , \u00e9limine les taches brunes , diminue les poils incarn\u00e9s, r\u00e9gule le pH et aide et \u00e0 \u00e9liminer les odeurs, soigne les infections \u2026 elle lutte \u00e9galement contre la s\u00e9cheresse vaginale, et aide \u00e0 apaiser les crampes menstruelles. A c\u00f4t\u00e9 de \u00e7a , en plus de pouvoir augmenter le plaisir, elle sert de lubrifiant pendant vos rapports .<\/p>","protected":false},"featured_media":44541,"comment_status":"open","ping_status":"closed","template":"","meta":[],"product_brand":[],"product_cat":[140],"product_tag":[],"class_list":{"0":"post-44520","1":"product","2":"type-product","3":"status-publish","4":"has-post-thumbnail","6":"product_cat-huiles","9":"first","10":"instock","11":"shipping-taxable","12":"purchasable","13":"product-type-simple"},"jetpack_sharing_enabled":true,"_links":{"self":[{"href":"https:\/\/sweetkitsecrets.com\/en\/wp-json\/wp\/v2\/product\/44520","targetHints":{"allow":["GET"]}}],"collection":[{"href":"https:\/\/sweetkitsecrets.com\/en\/wp-json\/wp\/v2\/product"}],"about":[{"href":"https:\/\/sweetkitsecrets.com\/en\/wp-json\/wp\/v2\/types\/product"}],"replies":[{"embeddable":true,"href":"https:\/\/sweetkitsecrets.com\/en\/wp-json\/wp\/v2\/comments?post=44520"}],"wp:featuredmedia":[{"embeddable":true,"href":"https:\/\/sweetkitsecrets.com\/en\/wp-json\/wp\/v2\/media\/44541"}],"wp:attachment":[{"href":"https:\/\/sweetkitsecrets.com\/en\/wp-json\/wp\/v2\/media?parent=44520"}],"wp:term":[{"taxonomy":"product_brand","embeddable":true,"href":"https:\/\/sweetkitsecrets.com\/en\/wp-json\/wp\/v2\/product_brand?post=44520"},{"taxonomy":"product_cat","embeddable":true,"href":"https:\/\/sweetkitsecrets.com\/en\/wp-json\/wp\/v2\/product_cat?post=44520"},{"taxonomy":"product_tag","embeddable":true,"href":"https:\/\/sweetkitsecrets.com\/en\/wp-json\/wp\/v2\/product_tag?post=44520"}],"curies":[{"name":"wp","href":"https:\/\/api.w.org\/{rel}","templated":true}]}}