{"id":44518,"date":"2023-10-26T16:31:27","date_gmt":"2023-10-26T16:31:27","guid":{"rendered":"http:\/\/sweetkitsecrets.com\/product\/miracle-kitty-cream\/"},"modified":"2024-11-13T19:23:09","modified_gmt":"2024-11-13T19:23:09","slug":"miracle-kitty-cream","status":"publish","type":"product","link":"https:\/\/sweetkitsecrets.com\/en\/product\/miracle-kitty-cream\/","title":{"rendered":"Miracle kitty cream"},"content":{"rendered":"<p>Eh oui , cette cr\u00e8me miraculeuse va \u00e9claircir les zones sombres de tes parties intimes de mani\u00e8re douce et saine &#8230; en rendant leur couleur informe et \u00e9clatante.<\/p>","protected":false},"excerpt":{"rendered":"<p>1 cr\u00e8me disponible uniquement sur paris \u26a0\ufe0f<\/p>\n<p>Eh oui , cette cr\u00e8me miraculeuse va \u00e9claircir les zones sombres de tes parties intimes de mani\u00e8re douce et saine &#8230; en rendant leur couleur informe et \u00e9clatante.<\/p>","protected":false},"featured_media":45716,"comment_status":"open","ping_status":"closed","template":"","meta":[],"product_brand":[],"product_cat":[158],"product_tag":[],"class_list":{"0":"post-44518","1":"product","2":"type-product","3":"status-publish","4":"has-post-thumbnail","6":"product_cat-creme-intime","9":"first","10":"instock","11":"shipping-taxable","12":"purchasable","13":"product-type-simple"},"jetpack_sharing_enabled":true,"_links":{"self":[{"href":"https:\/\/sweetkitsecrets.com\/en\/wp-json\/wp\/v2\/product\/44518","targetHints":{"allow":["GET"]}}],"collection":[{"href":"https:\/\/sweetkitsecrets.com\/en\/wp-json\/wp\/v2\/product"}],"about":[{"href":"https:\/\/sweetkitsecrets.com\/en\/wp-json\/wp\/v2\/types\/product"}],"replies":[{"embeddable":true,"href":"https:\/\/sweetkitsecrets.com\/en\/wp-json\/wp\/v2\/comments?post=44518"}],"wp:featuredmedia":[{"embeddable":true,"href":"https:\/\/sweetkitsecrets.com\/en\/wp-json\/wp\/v2\/media\/45716"}],"wp:attachment":[{"href":"https:\/\/sweetkitsecrets.com\/en\/wp-json\/wp\/v2\/media?parent=44518"}],"wp:term":[{"taxonomy":"product_brand","embeddable":true,"href":"https:\/\/sweetkitsecrets.com\/en\/wp-json\/wp\/v2\/product_brand?post=44518"},{"taxonomy":"product_cat","embeddable":true,"href":"https:\/\/sweetkitsecrets.com\/en\/wp-json\/wp\/v2\/product_cat?post=44518"},{"taxonomy":"product_tag","embeddable":true,"href":"https:\/\/sweetkitsecrets.com\/en\/wp-json\/wp\/v2\/product_tag?post=44518"}],"curies":[{"name":"wp","href":"https:\/\/api.w.org\/{rel}","templated":true}]}}