{"id":44516,"date":"2023-10-26T16:28:30","date_gmt":"2023-10-26T16:28:30","guid":{"rendered":"http:\/\/sweetkitsecrets.com\/product\/magic-kitty-scrub\/"},"modified":"2024-07-31T15:59:56","modified_gmt":"2024-07-31T15:59:56","slug":"magic-kitty-scrub","status":"publish","type":"product","link":"https:\/\/sweetkitsecrets.com\/en\/product\/magic-kitty-scrub\/","title":{"rendered":"Magic kitty scrub"},"content":{"rendered":"<p>Une formule enti\u00e8rement naturelle con\u00e7ue pour detoxifier , \u00e9claircir, et hydrater votre kitty tout en respectant votre pH intime . Il \u00e9limine les cellules mortes , \u00e9claircit et lisse la peau rugueuse et s\u00e8che. Il aide \u00e9galement \u00e0 \u00e9liminer les impuret\u00e9s et \u00e0 d\u00e9gager les pores obstru\u00e9s, effa\u00e7ant ainsi les poils incarn\u00e9s caus\u00e9s par le rasoir . Il apaise \u00e9galement les irritations et les d\u00e9mangeaisons, et il vous laisse une odeur d\u00e9licieuse sur la peau .<\/p>","protected":false},"excerpt":{"rendered":"<p>Une formule enti\u00e8rement naturelle con\u00e7ue pour detoxifier , \u00e9claircir, et hydrater votre kitty tout en respectant votre pH intime . Il \u00e9limine les cellules mortes , \u00e9claircit et lisse la peau rugueuse et s\u00e8che. Il aide \u00e9galement \u00e0 \u00e9liminer les impuret\u00e9s et \u00e0 d\u00e9gager les pores obstru\u00e9s, effa\u00e7ant ainsi les poils incarn\u00e9s caus\u00e9s par le rasoir . Il apaise \u00e9galement les irritations et les d\u00e9mangeaisons, et il vous laisse une odeur d\u00e9licieuse sur la peau .<\/p>","protected":false},"featured_media":44525,"comment_status":"open","ping_status":"closed","template":"","meta":[],"product_brand":[],"product_cat":[51,159],"product_tag":[],"class_list":{"0":"post-44516","1":"product","2":"type-product","3":"status-publish","4":"has-post-thumbnail","6":"product_cat-entretien-kitty-care-routine","7":"product_cat-gommage-intime","10":"first","11":"instock","12":"shipping-taxable","13":"purchasable","14":"product-type-simple"},"jetpack_sharing_enabled":true,"_links":{"self":[{"href":"https:\/\/sweetkitsecrets.com\/en\/wp-json\/wp\/v2\/product\/44516","targetHints":{"allow":["GET"]}}],"collection":[{"href":"https:\/\/sweetkitsecrets.com\/en\/wp-json\/wp\/v2\/product"}],"about":[{"href":"https:\/\/sweetkitsecrets.com\/en\/wp-json\/wp\/v2\/types\/product"}],"replies":[{"embeddable":true,"href":"https:\/\/sweetkitsecrets.com\/en\/wp-json\/wp\/v2\/comments?post=44516"}],"wp:featuredmedia":[{"embeddable":true,"href":"https:\/\/sweetkitsecrets.com\/en\/wp-json\/wp\/v2\/media\/44525"}],"wp:attachment":[{"href":"https:\/\/sweetkitsecrets.com\/en\/wp-json\/wp\/v2\/media?parent=44516"}],"wp:term":[{"taxonomy":"product_brand","embeddable":true,"href":"https:\/\/sweetkitsecrets.com\/en\/wp-json\/wp\/v2\/product_brand?post=44516"},{"taxonomy":"product_cat","embeddable":true,"href":"https:\/\/sweetkitsecrets.com\/en\/wp-json\/wp\/v2\/product_cat?post=44516"},{"taxonomy":"product_tag","embeddable":true,"href":"https:\/\/sweetkitsecrets.com\/en\/wp-json\/wp\/v2\/product_tag?post=44516"}],"curies":[{"name":"wp","href":"https:\/\/api.w.org\/{rel}","templated":true}]}}