{"id":44408,"date":"2023-09-09T02:25:38","date_gmt":"2023-09-09T02:25:38","guid":{"rendered":"http:\/\/sweetkitsecrets.com\/?post_type=product&#038;p=44408"},"modified":"2024-02-25T05:34:40","modified_gmt":"2024-02-25T05:34:40","slug":"kitty-deo-miel","status":"publish","type":"product","link":"https:\/\/sweetkitsecrets.com\/en\/product\/kitty-deo-miel\/","title":{"rendered":"KITTY DEO MIEL"},"content":{"rendered":"<p>Ce d\u00e9odorant est con\u00e7u pour tes parties intimes ! C\u2019est un anti transpirant gr\u00e2ce \u00e0 qui ta Kitty aura une odeur irr\u00e9sistible , et pas qu&#8217;elle: il peut aussi \u00eatre appliqu\u00e9 sur certaines zones intimes comme : en bas des seins , entre les seins, entre les fesses , en dessous des fesses \u2026 toutes les petites zones intimes qui ont tendance \u00e0 transpirer et \u00e0 laisser une mauvaise ordeur , maintenant le probl\u00e8me est r\u00e9gl\u00e9 ! Il est con\u00e7u \u00e0 base d&#8217;ingr\u00e9dients naturels, celui l\u00e0 est au miel.<\/p>","protected":false},"excerpt":{"rendered":"<p>Ce d\u00e9odorant est con\u00e7u pour ta Kitty ! C\u2019est un anti transpirant gr\u00e2ce \u00e0 qui ta Kitty aura une odeur irr\u00e9sistible , il peut aussi \u00eatre appliqu\u00e9 sur certaines zones intimes comme : en bas des seins , entre les seins, entre les fesses , en dessous des fesses \u2026 toutes les petites zones intimes qui ont tendance \u00e0 transpirer et \u00e0 laisser une mauvaise ordeur , maintenant le probl\u00e8me est r\u00e9gl\u00e9 !<\/p>","protected":false},"featured_media":44409,"comment_status":"open","ping_status":"closed","template":"","meta":[],"product_brand":[],"product_cat":[141,51],"product_tag":[],"class_list":{"0":"post-44408","1":"product","2":"type-product","3":"status-publish","4":"has-post-thumbnail","6":"product_cat-deo-intime","7":"product_cat-entretien-kitty-care-routine","10":"first","11":"instock","12":"shipping-taxable","13":"purchasable","14":"product-type-simple"},"jetpack_sharing_enabled":true,"_links":{"self":[{"href":"https:\/\/sweetkitsecrets.com\/en\/wp-json\/wp\/v2\/product\/44408","targetHints":{"allow":["GET"]}}],"collection":[{"href":"https:\/\/sweetkitsecrets.com\/en\/wp-json\/wp\/v2\/product"}],"about":[{"href":"https:\/\/sweetkitsecrets.com\/en\/wp-json\/wp\/v2\/types\/product"}],"replies":[{"embeddable":true,"href":"https:\/\/sweetkitsecrets.com\/en\/wp-json\/wp\/v2\/comments?post=44408"}],"wp:featuredmedia":[{"embeddable":true,"href":"https:\/\/sweetkitsecrets.com\/en\/wp-json\/wp\/v2\/media\/44409"}],"wp:attachment":[{"href":"https:\/\/sweetkitsecrets.com\/en\/wp-json\/wp\/v2\/media?parent=44408"}],"wp:term":[{"taxonomy":"product_brand","embeddable":true,"href":"https:\/\/sweetkitsecrets.com\/en\/wp-json\/wp\/v2\/product_brand?post=44408"},{"taxonomy":"product_cat","embeddable":true,"href":"https:\/\/sweetkitsecrets.com\/en\/wp-json\/wp\/v2\/product_cat?post=44408"},{"taxonomy":"product_tag","embeddable":true,"href":"https:\/\/sweetkitsecrets.com\/en\/wp-json\/wp\/v2\/product_tag?post=44408"}],"curies":[{"name":"wp","href":"https:\/\/api.w.org\/{rel}","templated":true}]}}