{"id":44253,"date":"2023-09-08T01:29:37","date_gmt":"2023-09-08T01:29:37","guid":{"rendered":"http:\/\/sweetkitsecrets.com\/?post_type=product&#038;p=44253"},"modified":"2024-11-13T19:23:32","modified_gmt":"2024-11-13T19:23:32","slug":"yummy-kitty-oil-peche","status":"publish","type":"product","link":"https:\/\/sweetkitsecrets.com\/en\/product\/yummy-kitty-oil-peche\/","title":{"rendered":"YUMMY KITTY OIL PECHE"},"content":{"rendered":"<p>Cette huile miraculeuse est un soin intime ! Elle nettoie, hydrate , apaise les irritations \/ s\u00e9cheresse \/ et d\u00e9mangeaisons , \u00e9limine les taches brunes , diminue les poils incarn\u00e9s, r\u00e9gule le pH et aide et \u00e0 \u00e9liminer les odeurs, soigne les infections &#8230; elle lutte \u00e9galement contre la s\u00e9cheresse vaginale, et aide \u00e0 apaiser les crampes menstruelles. A c\u00f4t\u00e9 de \u00e7a , en plus de pouvoir augmenter le plaisir lors de vos massages intimes, elle sert de lubrifiant f\u00e9minin stellaire et resserre le vagin .. avec elle , ta kitty va sentir trop bon!<\/p>","protected":false},"excerpt":{"rendered":"<p>Cette huile miraculeuse est un soin intime ! Elle nettoie, hydrate , apaise les irritations \/ s\u00e9cheresse \/ et d\u00e9mangeaisons , \u00e9limine les taches brunes , diminue les poils incarn\u00e9s, r\u00e9gule le pH et aide et \u00e0 \u00e9liminer les odeurs, soigne les infections &#8230; elle lutte \u00e9galement contre la s\u00e9cheresse vaginale, et aide \u00e0 apaiser les crampes menstruelles. A c\u00f4t\u00e9 de \u00e7a , en plus de pouvoir augmenter le plaisir, elle sert de lubrifiant pendant vos rapports et resserre le vagin .. avec elle , ta kitty va sentir\u00a0trop\u00a0bon!<\/p>","protected":false},"featured_media":44297,"comment_status":"open","ping_status":"closed","template":"","meta":[],"product_brand":[],"product_cat":[51,140],"product_tag":[],"class_list":{"0":"post-44253","1":"product","2":"type-product","3":"status-publish","4":"has-post-thumbnail","6":"product_cat-entretien-kitty-care-routine","7":"product_cat-huiles","10":"first","11":"instock","12":"shipping-taxable","13":"purchasable","14":"product-type-simple"},"jetpack_sharing_enabled":true,"_links":{"self":[{"href":"https:\/\/sweetkitsecrets.com\/en\/wp-json\/wp\/v2\/product\/44253","targetHints":{"allow":["GET"]}}],"collection":[{"href":"https:\/\/sweetkitsecrets.com\/en\/wp-json\/wp\/v2\/product"}],"about":[{"href":"https:\/\/sweetkitsecrets.com\/en\/wp-json\/wp\/v2\/types\/product"}],"replies":[{"embeddable":true,"href":"https:\/\/sweetkitsecrets.com\/en\/wp-json\/wp\/v2\/comments?post=44253"}],"wp:featuredmedia":[{"embeddable":true,"href":"https:\/\/sweetkitsecrets.com\/en\/wp-json\/wp\/v2\/media\/44297"}],"wp:attachment":[{"href":"https:\/\/sweetkitsecrets.com\/en\/wp-json\/wp\/v2\/media?parent=44253"}],"wp:term":[{"taxonomy":"product_brand","embeddable":true,"href":"https:\/\/sweetkitsecrets.com\/en\/wp-json\/wp\/v2\/product_brand?post=44253"},{"taxonomy":"product_cat","embeddable":true,"href":"https:\/\/sweetkitsecrets.com\/en\/wp-json\/wp\/v2\/product_cat?post=44253"},{"taxonomy":"product_tag","embeddable":true,"href":"https:\/\/sweetkitsecrets.com\/en\/wp-json\/wp\/v2\/product_tag?post=44253"}],"curies":[{"name":"wp","href":"https:\/\/api.w.org\/{rel}","templated":true}]}}