{"id":39116,"date":"2022-08-15T04:14:00","date_gmt":"2022-08-15T04:14:00","guid":{"rendered":"https:\/\/wpbingosite.com\/wordpress\/mafoil\/?post_type=product&#038;p=39116"},"modified":"2025-09-15T00:31:36","modified_gmt":"2025-09-15T00:31:36","slug":"kitty-detox-pearls","status":"publish","type":"product","link":"https:\/\/sweetkitsecrets.com\/en\/product\/kitty-detox-pearls\/","title":{"rendered":"KITTY DETOX PEARLS"},"content":{"rendered":"<p>Les perles magiques qui enl\u00e8veront toutes les impuret\u00e9s de ta Kitty ! On la veut propre , et saine !<\/p>","protected":false},"excerpt":{"rendered":"<p>Les perles magiques qui enl\u00e8veront toutes les impuret\u00e9s de ta Kitty ! Elles retirent les toxines et nettoient en profondeur , si vous avez des pertes abondantes et naus\u00e9abondes , elles sont faites pour vous &#8230; elles traitent \u00e9galement les infections et r\u00e9gulent les cycles irr\u00e9guliers des r\u00e8gles . Elles rendent \u00e9galement plus fertile .<\/p>","protected":false},"featured_media":44419,"comment_status":"open","ping_status":"closed","template":"","meta":[],"product_brand":[],"product_cat":[142,51,145],"product_tag":[],"class_list":{"0":"post-39116","1":"product","2":"type-product","3":"status-publish","4":"has-post-thumbnail","6":"product_cat-capsules-intimes","7":"product_cat-entretien-kitty-care-routine","8":"product_cat-perles-nettoyantes","11":"first","12":"instock","13":"shipping-taxable","14":"purchasable","15":"product-type-simple"},"jetpack_sharing_enabled":true,"_links":{"self":[{"href":"https:\/\/sweetkitsecrets.com\/en\/wp-json\/wp\/v2\/product\/39116","targetHints":{"allow":["GET"]}}],"collection":[{"href":"https:\/\/sweetkitsecrets.com\/en\/wp-json\/wp\/v2\/product"}],"about":[{"href":"https:\/\/sweetkitsecrets.com\/en\/wp-json\/wp\/v2\/types\/product"}],"replies":[{"embeddable":true,"href":"https:\/\/sweetkitsecrets.com\/en\/wp-json\/wp\/v2\/comments?post=39116"}],"wp:featuredmedia":[{"embeddable":true,"href":"https:\/\/sweetkitsecrets.com\/en\/wp-json\/wp\/v2\/media\/44419"}],"wp:attachment":[{"href":"https:\/\/sweetkitsecrets.com\/en\/wp-json\/wp\/v2\/media?parent=39116"}],"wp:term":[{"taxonomy":"product_brand","embeddable":true,"href":"https:\/\/sweetkitsecrets.com\/en\/wp-json\/wp\/v2\/product_brand?post=39116"},{"taxonomy":"product_cat","embeddable":true,"href":"https:\/\/sweetkitsecrets.com\/en\/wp-json\/wp\/v2\/product_cat?post=39116"},{"taxonomy":"product_tag","embeddable":true,"href":"https:\/\/sweetkitsecrets.com\/en\/wp-json\/wp\/v2\/product_tag?post=39116"}],"curies":[{"name":"wp","href":"https:\/\/api.w.org\/{rel}","templated":true}]}}