{"id":16541,"date":"2020-12-08T02:50:12","date_gmt":"2020-12-08T02:50:12","guid":{"rendered":"https:\/\/wpbingosite.com\/wordpress\/mafoil\/?post_type=product&#038;p=16541"},"modified":"2024-02-25T05:36:11","modified_gmt":"2024-02-25T05:36:11","slug":"mini-wet-kitty-pops","status":"publish","type":"product","link":"https:\/\/sweetkitsecrets.com\/en\/product\/mini-wet-kitty-pops\/","title":{"rendered":"MINI WET KITTY POPS"},"content":{"rendered":"<p>R\u00e9tr\u00e9cit ta kitty et la rend plus jutteuse, plus mouill\u00e9e, et augmente le plaisir lors des rapports intimes .<\/p>","protected":false},"excerpt":{"rendered":"<p>R\u00e9tr\u00e9cit ta kitty et la rend plus jutteuse, plus mouill\u00e9e, et augmente le plaisir lors des rapports intimes.<\/p>","protected":false},"featured_media":44376,"comment_status":"open","ping_status":"closed","template":"","meta":[],"product_brand":[],"product_cat":[142,63,143],"product_tag":[],"class_list":{"0":"post-16541","1":"product","2":"type-product","3":"status-publish","4":"has-post-thumbnail","6":"product_cat-capsules-intimes","7":"product_cat-moments-a-deux","8":"product_cat-ressere-kitty","11":"first","12":"instock","13":"featured","14":"shipping-taxable","15":"purchasable","16":"product-type-simple"},"jetpack_sharing_enabled":true,"_links":{"self":[{"href":"https:\/\/sweetkitsecrets.com\/en\/wp-json\/wp\/v2\/product\/16541","targetHints":{"allow":["GET"]}}],"collection":[{"href":"https:\/\/sweetkitsecrets.com\/en\/wp-json\/wp\/v2\/product"}],"about":[{"href":"https:\/\/sweetkitsecrets.com\/en\/wp-json\/wp\/v2\/types\/product"}],"replies":[{"embeddable":true,"href":"https:\/\/sweetkitsecrets.com\/en\/wp-json\/wp\/v2\/comments?post=16541"}],"wp:featuredmedia":[{"embeddable":true,"href":"https:\/\/sweetkitsecrets.com\/en\/wp-json\/wp\/v2\/media\/44376"}],"wp:attachment":[{"href":"https:\/\/sweetkitsecrets.com\/en\/wp-json\/wp\/v2\/media?parent=16541"}],"wp:term":[{"taxonomy":"product_brand","embeddable":true,"href":"https:\/\/sweetkitsecrets.com\/en\/wp-json\/wp\/v2\/product_brand?post=16541"},{"taxonomy":"product_cat","embeddable":true,"href":"https:\/\/sweetkitsecrets.com\/en\/wp-json\/wp\/v2\/product_cat?post=16541"},{"taxonomy":"product_tag","embeddable":true,"href":"https:\/\/sweetkitsecrets.com\/en\/wp-json\/wp\/v2\/product_tag?post=16541"}],"curies":[{"name":"wp","href":"https:\/\/api.w.org\/{rel}","templated":true}]}}