{"id":16536,"date":"2018-12-08T02:48:58","date_gmt":"2018-12-08T02:48:58","guid":{"rendered":"https:\/\/wpbingosite.com\/wordpress\/mafoil\/?post_type=product&#038;p=16536"},"modified":"2024-04-11T16:30:54","modified_gmt":"2024-04-11T16:30:54","slug":"ribbed-cropped-short-sleeve-t-shirt","status":"publish","type":"product","link":"https:\/\/sweetkitsecrets.com\/en\/product\/ribbed-cropped-short-sleeve-t-shirt\/","title":{"rendered":"KITTY BEST MASK"},"content":{"rendered":"","protected":false},"excerpt":{"rendered":"<p>Tu pouvais pas r\u00eaver mieux comme soin pour ta Kitty ! Ce masque \u00e9limine les odeurs et bact\u00e9ries , \u00e9quilibre le teint de la peau, hydrate, adoucit et d\u00e9toxifie ta Kitty \u2026 en plus ,il augmente la sensibilit\u00e9 sexuelle !<\/p>","protected":false},"featured_media":44266,"comment_status":"open","ping_status":"closed","template":"","meta":[],"product_brand":[],"product_cat":[51,144],"product_tag":[],"class_list":{"0":"post-16536","1":"product","2":"type-product","3":"status-publish","4":"has-post-thumbnail","6":"product_cat-entretien-kitty-care-routine","7":"product_cat-masques","10":"first","11":"outofstock","12":"shipping-taxable","13":"purchasable","14":"product-type-simple"},"jetpack_sharing_enabled":true,"_links":{"self":[{"href":"https:\/\/sweetkitsecrets.com\/en\/wp-json\/wp\/v2\/product\/16536","targetHints":{"allow":["GET"]}}],"collection":[{"href":"https:\/\/sweetkitsecrets.com\/en\/wp-json\/wp\/v2\/product"}],"about":[{"href":"https:\/\/sweetkitsecrets.com\/en\/wp-json\/wp\/v2\/types\/product"}],"replies":[{"embeddable":true,"href":"https:\/\/sweetkitsecrets.com\/en\/wp-json\/wp\/v2\/comments?post=16536"}],"wp:featuredmedia":[{"embeddable":true,"href":"https:\/\/sweetkitsecrets.com\/en\/wp-json\/wp\/v2\/media\/44266"}],"wp:attachment":[{"href":"https:\/\/sweetkitsecrets.com\/en\/wp-json\/wp\/v2\/media?parent=16536"}],"wp:term":[{"taxonomy":"product_brand","embeddable":true,"href":"https:\/\/sweetkitsecrets.com\/en\/wp-json\/wp\/v2\/product_brand?post=16536"},{"taxonomy":"product_cat","embeddable":true,"href":"https:\/\/sweetkitsecrets.com\/en\/wp-json\/wp\/v2\/product_cat?post=16536"},{"taxonomy":"product_tag","embeddable":true,"href":"https:\/\/sweetkitsecrets.com\/en\/wp-json\/wp\/v2\/product_tag?post=16536"}],"curies":[{"name":"wp","href":"https:\/\/api.w.org\/{rel}","templated":true}]}}