{"id":16526,"date":"2020-12-08T02:46:51","date_gmt":"2020-12-08T02:46:51","guid":{"rendered":"https:\/\/wpbingosite.com\/wordpress\/mafoil\/?post_type=product&#038;p=16526"},"modified":"2025-09-15T00:31:36","modified_gmt":"2025-09-15T00:31:36","slug":"sweatpants","status":"publish","type":"product","link":"https:\/\/sweetkitsecrets.com\/en\/product\/sweatpants\/","title":{"rendered":"L\u2019ORGASME QU\u2019ON M\u00c9RITE"},"content":{"rendered":"<p>Ce petit bijou t\u2019aide \u00e0 atteindre le Nirvana plus rapidement , \u00e0 ressentir plus de plaisir et \u00e0 le sentir de mani\u00e8re plus intense ! Elles procurent \u00e9galement beaucoup de plaisir \u00e0 ton partenaire et t&#8217;aident \u00e0 rester bien mouill\u00e9e et bien juicy<\/p>","protected":false},"excerpt":{"rendered":"<p>Ce petit bijou t\u2019aide \u00e0 atteindre le Nirvana plus rapidement , \u00e0 ressentir plus de plaisir et \u00e0 le sentir de mani\u00e8re plus intense ! Elles procurent \u00e9galement beaucoup de plaisir \u00e0 ton partenaire et t&#8217;aident \u00e0 rester bien mouill\u00e9e et bien juicy , pour des moments tr\u00e8s caliente avec Monsieur !<\/p>","protected":false},"featured_media":44375,"comment_status":"open","ping_status":"closed","template":"","meta":[],"product_brand":[],"product_cat":[142,63],"product_tag":[82],"class_list":{"0":"post-16526","1":"product","2":"type-product","3":"status-publish","4":"has-post-thumbnail","6":"product_cat-capsules-intimes","7":"product_cat-moments-a-deux","8":"product_tag-hot","11":"first","12":"instock","13":"featured","14":"shipping-taxable","15":"purchasable","16":"product-type-simple"},"jetpack_sharing_enabled":true,"_links":{"self":[{"href":"https:\/\/sweetkitsecrets.com\/en\/wp-json\/wp\/v2\/product\/16526","targetHints":{"allow":["GET"]}}],"collection":[{"href":"https:\/\/sweetkitsecrets.com\/en\/wp-json\/wp\/v2\/product"}],"about":[{"href":"https:\/\/sweetkitsecrets.com\/en\/wp-json\/wp\/v2\/types\/product"}],"replies":[{"embeddable":true,"href":"https:\/\/sweetkitsecrets.com\/en\/wp-json\/wp\/v2\/comments?post=16526"}],"wp:featuredmedia":[{"embeddable":true,"href":"https:\/\/sweetkitsecrets.com\/en\/wp-json\/wp\/v2\/media\/44375"}],"wp:attachment":[{"href":"https:\/\/sweetkitsecrets.com\/en\/wp-json\/wp\/v2\/media?parent=16526"}],"wp:term":[{"taxonomy":"product_brand","embeddable":true,"href":"https:\/\/sweetkitsecrets.com\/en\/wp-json\/wp\/v2\/product_brand?post=16526"},{"taxonomy":"product_cat","embeddable":true,"href":"https:\/\/sweetkitsecrets.com\/en\/wp-json\/wp\/v2\/product_cat?post=16526"},{"taxonomy":"product_tag","embeddable":true,"href":"https:\/\/sweetkitsecrets.com\/en\/wp-json\/wp\/v2\/product_tag?post=16526"}],"curies":[{"name":"wp","href":"https:\/\/api.w.org\/{rel}","templated":true}]}}