{"id":16521,"date":"2020-12-08T02:45:25","date_gmt":"2020-12-08T02:45:25","guid":{"rendered":"https:\/\/wpbingosite.com\/wordpress\/mafoil\/?post_type=product&#038;p=16521"},"modified":"2024-03-08T01:52:45","modified_gmt":"2024-03-08T01:52:45","slug":"your-fav-kitty-soap","status":"publish","type":"product","link":"https:\/\/sweetkitsecrets.com\/en\/product\/your-fav-kitty-soap\/","title":{"rendered":"YOUR FAV KITTY SOAP"},"content":{"rendered":"","protected":false},"excerpt":{"rendered":"<p>Ce petit savon super cute assure \u00e0 ta Kitty l\u2019\u00e9quilibre de son PH , il nettoie en douceur et pr\u00e9vient contre les infections et les irritations ! Il restaure la flore vaginale , \u00e9limine les odeurs d\u00e9sagr\u00e9ables, et hydrate ta Kitty !<\/p>\n<div style=\"width: 480px;\" class=\"wp-video\"><video class=\"wp-video-shortcode\" id=\"video-16521-1\" width=\"480\" height=\"848\" loop autoplay preload=\"auto\" controls=\"controls\"><source type=\"video\/mp4\" src=\"http:\/\/sweetkitsecrets.com\/wp-content\/uploads\/2020\/12\/savon-video.mp4?_=1\" \/><a href=\"http:\/\/sweetkitsecrets.com\/wp-content\/uploads\/2020\/12\/savon-video.mp4\">http:\/\/sweetkitsecrets.com\/wp-content\/uploads\/2020\/12\/savon-video.mp4<\/a><\/video><\/div>","protected":false},"featured_media":44439,"comment_status":"open","ping_status":"closed","template":"","meta":[],"product_brand":[],"product_cat":[51,138,166],"product_tag":[82],"class_list":{"0":"post-16521","1":"product","2":"type-product","3":"status-publish","4":"has-post-thumbnail","6":"product_cat-entretien-kitty-care-routine","7":"product_cat-savon","8":"product_cat-toilette-intime","9":"product_tag-hot","12":"first","13":"outofstock","14":"shipping-taxable","15":"purchasable","16":"product-type-simple"},"jetpack_sharing_enabled":true,"_links":{"self":[{"href":"https:\/\/sweetkitsecrets.com\/en\/wp-json\/wp\/v2\/product\/16521","targetHints":{"allow":["GET"]}}],"collection":[{"href":"https:\/\/sweetkitsecrets.com\/en\/wp-json\/wp\/v2\/product"}],"about":[{"href":"https:\/\/sweetkitsecrets.com\/en\/wp-json\/wp\/v2\/types\/product"}],"replies":[{"embeddable":true,"href":"https:\/\/sweetkitsecrets.com\/en\/wp-json\/wp\/v2\/comments?post=16521"}],"wp:featuredmedia":[{"embeddable":true,"href":"https:\/\/sweetkitsecrets.com\/en\/wp-json\/wp\/v2\/media\/44439"}],"wp:attachment":[{"href":"https:\/\/sweetkitsecrets.com\/en\/wp-json\/wp\/v2\/media?parent=16521"}],"wp:term":[{"taxonomy":"product_brand","embeddable":true,"href":"https:\/\/sweetkitsecrets.com\/en\/wp-json\/wp\/v2\/product_brand?post=16521"},{"taxonomy":"product_cat","embeddable":true,"href":"https:\/\/sweetkitsecrets.com\/en\/wp-json\/wp\/v2\/product_cat?post=16521"},{"taxonomy":"product_tag","embeddable":true,"href":"https:\/\/sweetkitsecrets.com\/en\/wp-json\/wp\/v2\/product_tag?post=16521"}],"curies":[{"name":"wp","href":"https:\/\/api.w.org\/{rel}","templated":true}]}}