{"id":16518,"date":"2020-12-08T02:43:47","date_gmt":"2020-12-08T02:43:47","guid":{"rendered":"https:\/\/wpbingosite.com\/wordpress\/mafoil\/?post_type=product&#038;p=16518"},"modified":"2025-10-29T03:14:09","modified_gmt":"2025-10-29T03:14:09","slug":"sweet-kitty-sugar","status":"publish","type":"product","link":"https:\/\/sweetkitsecrets.com\/en\/product\/sweet-kitty-sugar\/","title":{"rendered":"SWEET KITTY SUGAR"},"content":{"rendered":"<p>Id\u00e9al contre la s\u00e9cheresse vaginale, booste la libido, am\u00e9liore votre vie sexuelle et rend votre Kitty plus juic<span class=\"Y2IQFc\" lang=\"fr\">y! Ils <\/span>rendront instantan\u00e9ment<span class=\"Y2IQFc\" lang=\"fr\"> votre kitty <\/span>chaud<span class=\"Y2IQFc\" lang=\"fr\">e, humide et <\/span>douce pendant<span class=\"Y2IQFc\" lang=\"fr\"> les <\/span>rapports<span class=\"Y2IQFc\" lang=\"fr\"> intimes, <\/span>ainsi que pendant vos pr\u00e9liminaires<span class=\"Y2IQFc\" lang=\"fr\"> avec le <\/span>go\u00fbt sucr\u00e9 que vos parties intimes auront<span class=\"Y2IQFc\" lang=\"fr\"> ! Ils aident <\/span>\u00e0 atteindre l&#8217;orga<span class=\"Y2IQFc\" lang=\"fr\">sme plus facilement <\/span><span class=\"Y2IQFc\" lang=\"fr\">\ud83c\udf6c<\/span><\/p>\n<p>M\u00e9thode 1 : Prendre 5-7 bonbons une heure avant le rapport sexuel pour avoir une mimine sucr\u00e9e<\/p>\n<p>M\u00e9thode 2: Mettez 3 bonbons dans 5 ml d&#8217;eau chaude \u2026 Lorsque le sucre fond, appliquez l\u2019eau sur les parties intimes pour obtenir un effet sucr\u00e9 et moelleux! Id\u00e9al pour les pr\u00e9liminaires , vous pouvez l&#8217;appliquer sur les parties intimes de Madame et de Monsieur !<\/p>","protected":false},"excerpt":{"rendered":"<p>Id\u00e9al contre la s\u00e9cheresse vaginale, booste la libido, am\u00e9liore votre vie sexuelle et rend votre Kitty plus juic<span class=\"Y2IQFc\" lang=\"fr\">y! Ils <\/span>rendront instantan\u00e9ment<span class=\"Y2IQFc\" lang=\"fr\"> votre kitty <\/span>chaud<span class=\"Y2IQFc\" lang=\"fr\">e, humide et <\/span>douce pendant<span class=\"Y2IQFc\" lang=\"fr\"> les <\/span>rapports<span class=\"Y2IQFc\" lang=\"fr\"> intimes, <\/span>ainsi que pendant vos pr\u00e9liminaires<span class=\"Y2IQFc\" lang=\"fr\"> avec le <\/span>go\u00fbt sucr\u00e9 que vos parties intimes auront<span class=\"Y2IQFc\" lang=\"fr\"> ! Ils aident <\/span>\u00e0 atteindre l&#8217;orga<span class=\"Y2IQFc\" lang=\"fr\">sme plus facilement <\/span><span class=\"Y2IQFc\" lang=\"fr\">\ud83c\udf6c<\/span><\/p>\n<p>Les<span class=\"Y2IQFc\" lang=\"fr\"> 2 <\/span>m\u00e9thodes<span class=\"Y2IQFc\" lang=\"fr\"> <\/span>\u00e0 appliquer<span class=\"Y2IQFc\" lang=\"fr\"> sont les <\/span>suivantes<span class=\"Y2IQFc\" lang=\"fr\"> : <\/span><\/p>\n<p>M\u00e9thode 1 : Prendre 5-7 bonbons une heure avant le rapport sexuel pour avoir une mimine sucr\u00e9e<\/p>\n<p>M\u00e9thode 2: Mettez 3 bonbons dans 5 ml d&#8217;eau chaude \u2026 Lorsque le sucre fond, appliquez l\u2019eau sur les parties intimes pour obtenir un effet sucr\u00e9 et moelleux! Id\u00e9al pour les pr\u00e9liminaires , vous pouvez l&#8217;appliquer sur les parties intimes de Madame et de Monsieur !<\/p>","protected":false},"featured_media":44395,"comment_status":"open","ping_status":"closed","template":"","meta":[],"product_brand":[],"product_cat":[63],"product_tag":[82],"class_list":{"0":"post-16518","1":"product","2":"type-product","3":"status-publish","4":"has-post-thumbnail","6":"product_cat-moments-a-deux","7":"product_tag-hot","10":"first","11":"outofstock","12":"featured","13":"shipping-taxable","14":"purchasable","15":"product-type-simple"},"jetpack_sharing_enabled":true,"_links":{"self":[{"href":"https:\/\/sweetkitsecrets.com\/en\/wp-json\/wp\/v2\/product\/16518","targetHints":{"allow":["GET"]}}],"collection":[{"href":"https:\/\/sweetkitsecrets.com\/en\/wp-json\/wp\/v2\/product"}],"about":[{"href":"https:\/\/sweetkitsecrets.com\/en\/wp-json\/wp\/v2\/types\/product"}],"replies":[{"embeddable":true,"href":"https:\/\/sweetkitsecrets.com\/en\/wp-json\/wp\/v2\/comments?post=16518"}],"wp:featuredmedia":[{"embeddable":true,"href":"https:\/\/sweetkitsecrets.com\/en\/wp-json\/wp\/v2\/media\/44395"}],"wp:attachment":[{"href":"https:\/\/sweetkitsecrets.com\/en\/wp-json\/wp\/v2\/media?parent=16518"}],"wp:term":[{"taxonomy":"product_brand","embeddable":true,"href":"https:\/\/sweetkitsecrets.com\/en\/wp-json\/wp\/v2\/product_brand?post=16518"},{"taxonomy":"product_cat","embeddable":true,"href":"https:\/\/sweetkitsecrets.com\/en\/wp-json\/wp\/v2\/product_cat?post=16518"},{"taxonomy":"product_tag","embeddable":true,"href":"https:\/\/sweetkitsecrets.com\/en\/wp-json\/wp\/v2\/product_tag?post=16518"}],"curies":[{"name":"wp","href":"https:\/\/api.w.org\/{rel}","templated":true}]}}