{"id":16509,"date":"2020-12-08T02:41:43","date_gmt":"2020-12-08T02:41:43","guid":{"rendered":"https:\/\/wpbingosite.com\/wordpress\/mafoil\/?post_type=product&#038;p=16509"},"modified":"2024-11-13T19:24:00","modified_gmt":"2024-11-13T19:24:00","slug":"yummy-kitty-oil","status":"publish","type":"product","link":"https:\/\/sweetkitsecrets.com\/en\/product\/yummy-kitty-oil\/","title":{"rendered":"YUMMY KITTY OIL PAST\u00c8QUE"},"content":{"rendered":"<p>Cette huile miraculeuse est un soin intime ! Elle nettoie, hydrate , parfume , apaise les irritations \/ s\u00e9cheresse \/ et d\u00e9mangeaisons , \u00e9limine les taches brunes , diminue les poils incarn\u00e9s, r\u00e9gule le pH et aide et \u00e0 \u00e9liminer les odeurs, soigne les infections &#8230;en plus de pouvoir augmenter le plaisir lors de vos massages intimes, elle sert de lubrifiant .<\/p>","protected":false},"excerpt":{"rendered":"<p>Cette huile miraculeuse est un soin intime ! Elle nettoie, hydrate , apaise les irritations \/ s\u00e9cheresse \/ et d\u00e9mangeaisons , \u00e9limine les taches brunes , diminue les poils incarn\u00e9s, r\u00e9gule le pH et aide et \u00e0 \u00e9liminer les odeurs, soigne les infections &#8230; elle lutte \u00e9galement contre la s\u00e9cheresse vaginale, et aide \u00e0 apaiser les crampes menstruelles. A c\u00f4t\u00e9 de \u00e7a , en plus de pouvoir augmenter le plaisir, elle sert de lubrifiant pendant vos rapports et resserre le vagin .. avec elle , ta kitty va sentir\u00a0trop\u00a0bon!<\/p>","protected":false},"featured_media":44298,"comment_status":"closed","ping_status":"closed","template":"","meta":[],"product_brand":[],"product_cat":[51,140],"product_tag":[82],"class_list":{"0":"post-16509","1":"product","2":"type-product","3":"status-publish","4":"has-post-thumbnail","6":"product_cat-entretien-kitty-care-routine","7":"product_cat-huiles","8":"product_tag-hot","11":"first","12":"instock","13":"shipping-taxable","14":"purchasable","15":"product-type-simple"},"jetpack_sharing_enabled":true,"_links":{"self":[{"href":"https:\/\/sweetkitsecrets.com\/en\/wp-json\/wp\/v2\/product\/16509","targetHints":{"allow":["GET"]}}],"collection":[{"href":"https:\/\/sweetkitsecrets.com\/en\/wp-json\/wp\/v2\/product"}],"about":[{"href":"https:\/\/sweetkitsecrets.com\/en\/wp-json\/wp\/v2\/types\/product"}],"replies":[{"embeddable":true,"href":"https:\/\/sweetkitsecrets.com\/en\/wp-json\/wp\/v2\/comments?post=16509"}],"wp:featuredmedia":[{"embeddable":true,"href":"https:\/\/sweetkitsecrets.com\/en\/wp-json\/wp\/v2\/media\/44298"}],"wp:attachment":[{"href":"https:\/\/sweetkitsecrets.com\/en\/wp-json\/wp\/v2\/media?parent=16509"}],"wp:term":[{"taxonomy":"product_brand","embeddable":true,"href":"https:\/\/sweetkitsecrets.com\/en\/wp-json\/wp\/v2\/product_brand?post=16509"},{"taxonomy":"product_cat","embeddable":true,"href":"https:\/\/sweetkitsecrets.com\/en\/wp-json\/wp\/v2\/product_cat?post=16509"},{"taxonomy":"product_tag","embeddable":true,"href":"https:\/\/sweetkitsecrets.com\/en\/wp-json\/wp\/v2\/product_tag?post=16509"}],"curies":[{"name":"wp","href":"https:\/\/api.w.org\/{rel}","templated":true}]}}